{"id":366,"date":"2023-07-10T09:48:44","date_gmt":"2023-07-10T07:48:44","guid":{"rendered":"https:\/\/africanescape.co.za\/?page_id=366"},"modified":"2023-08-23T12:07:12","modified_gmt":"2023-08-23T10:07:12","slug":"south-west-coast-tour","status":"publish","type":"page","link":"https:\/\/africanescape.co.za\/fr\/south-west-coast-tour\/","title":{"rendered":"La C\u00f4te Sud-Ouest"},"content":{"rendered":"<div data-elementor-type=\"wp-page\" data-elementor-id=\"366\" class=\"elementor elementor-366\" data-elementor-post-type=\"page\">\n\t\t\t\t<div class=\"elementor-element elementor-element-156173b e-con-full e-flex e-con e-parent\" data-id=\"156173b\" data-element_type=\"container\" data-settings=\"{&quot;background_background&quot;:&quot;classic&quot;}\">\n\t\t\t\t<div class=\"elementor-element elementor-element-02f5902 elementor-widget elementor-widget-heading\" data-id=\"02f5902\" data-element_type=\"widget\" data-widget_type=\"heading.default\">\n\t\t\t\t<div class=\"elementor-widget-container\">\n\t\t\t\t\t<h4 class=\"elementor-heading-title elementor-size-default\">Circuit au volant ou guid\u00e9 du Cap aux 'Big 5' du Parc Addo<\/h4>\t\t\t\t<\/div>\n\t\t\t\t<\/div>\n\t\t\t\t<\/div>\n\t\t<div class=\"elementor-element elementor-element-14ff068 e-flex e-con-boxed e-con e-parent\" data-id=\"14ff068\" data-element_type=\"container\">\n\t\t\t\t\t<div class=\"e-con-inner\">\n\t\t\t\t<div class=\"elementor-element elementor-element-7f08da7 elementor-widget elementor-widget-heading\" data-id=\"7f08da7\" data-element_type=\"widget\" data-widget_type=\"heading.default\">\n\t\t\t\t<div class=\"elementor-widget-container\">\n\t\t\t\t\t<h2 class=\"elementor-heading-title elementor-size-default\">La magie des paysages de la c\u00f4te<\/h2>\t\t\t\t<\/div>\n\t\t\t\t<\/div>\n\t\t\t\t<div class=\"elementor-element elementor-element-1d8274e elementor-widget elementor-widget-heading\" data-id=\"1d8274e\" data-element_type=\"widget\" data-widget_type=\"heading.default\">\n\t\t\t\t<div class=\"elementor-widget-container\">\n\t\t\t\t\t<h4 class=\"elementor-heading-title elementor-size-default\">9 Nuits<\/h4>\t\t\t\t<\/div>\n\t\t\t\t<\/div>\n\t\t\t\t<div class=\"elementor-element elementor-element-0c2fc4d elementor-widget elementor-widget-text-editor\" data-id=\"0c2fc4d\" data-element_type=\"widget\" data-widget_type=\"text-editor.default\">\n\t\t\t\t<div class=\"elementor-widget-container\">\n\t\t\t\t\t\t\t\t\t<p class=\"translation-block\">Combinez le meilleur <strong>du Cap<\/strong> et de la <strong>Route des Jardins<\/strong>, entre Le Cap et <strong>Port Elizabeth<\/strong>, voyagez en couple ou en famille. D\u00e9couvrez la magnifique r\u00e9gion du Cap occidental le long de la c\u00f4te, et terminez votre s\u00e9jour en beaut\u00e9 avec 2 nuits dans une R\u00e9serve Priv\u00e9e pr\u00e8s de Port Elizabeth, dans une zone exempte de paludisme, donc id\u00e9al avec des enfants. De la magique Cape Town jusqu'\u00e0 la recherche des 'Big 5 dans la brousse, faites escale \u00e0 proximit\u00e9 des superbes plages de <strong>Plettenberg Bay<\/strong>, d\u00e9couvrir ce que l'Afrique du Sud et la magie de ses paysages uniques a \u00e0 offrir.<\/p>\t\t\t\t\t\t\t\t<\/div>\n\t\t\t\t<\/div>\n\t\t\t\t\t<\/div>\n\t\t\t\t<\/div>\n\t\t<div class=\"elementor-element elementor-element-1df0d39 e-flex e-con-boxed e-con e-parent\" data-id=\"1df0d39\" data-element_type=\"container\">\n\t\t\t\t\t<div class=\"e-con-inner\">\n\t\t<div class=\"elementor-element elementor-element-f95be47 e-con-full e-flex e-con e-child\" data-id=\"f95be47\" data-element_type=\"container\">\n\t\t\t\t<div class=\"elementor-element elementor-element-7d1eb13 elementor-widget elementor-widget-heading\" data-id=\"7d1eb13\" data-element_type=\"widget\" data-widget_type=\"heading.default\">\n\t\t\t\t<div class=\"elementor-widget-container\">\n\t\t\t\t\t<h3 class=\"elementor-heading-title elementor-size-default\">Points Forts<\/h3>\t\t\t\t<\/div>\n\t\t\t\t<\/div>\n\t\t\t\t<div class=\"elementor-element elementor-element-c8d1829 elementor-icon-list--layout-traditional elementor-list-item-link-full_width elementor-widget elementor-widget-icon-list\" data-id=\"c8d1829\" data-element_type=\"widget\" data-widget_type=\"icon-list.default\">\n\t\t\t\t<div class=\"elementor-widget-container\">\n\t\t\t\t\t\t\t<ul class=\"elementor-icon-list-items\">\n\t\t\t\t\t\t\t<li class=\"elementor-icon-list-item\">\n\t\t\t\t\t\t\t\t\t\t\t<span class=\"elementor-icon-list-icon\">\n\t\t\t\t\t\t\t<svg xmlns=\"http:\/\/www.w3.org\/2000\/svg\" viewbox=\"0 0 512 512\"><path d=\"M256 512A256 256 0 1 0 256 0a256 256 0 1 0 0 512z\"><\/path><\/svg>\t\t\t\t\t\t<\/span>\n\t\t\t\t\t\t\t\t\t\t<span class=\"elementor-icon-list-text\">La ville de Cape Town<\/span>\n\t\t\t\t\t\t\t\t\t<\/li>\n\t\t\t\t\t\t\t\t<li class=\"elementor-icon-list-item\">\n\t\t\t\t\t\t\t\t\t\t\t<span class=\"elementor-icon-list-icon\">\n\t\t\t\t\t\t\t<svg xmlns=\"http:\/\/www.w3.org\/2000\/svg\" viewbox=\"0 0 512 512\"><path d=\"M256 512A256 256 0 1 0 256 0a256 256 0 1 0 0 512z\"><\/path><\/svg>\t\t\t\t\t\t<\/span>\n\t\t\t\t\t\t\t\t\t\t<span class=\"elementor-icon-list-text\">Les vignobles<\/span>\n\t\t\t\t\t\t\t\t\t<\/li>\n\t\t\t\t\t\t\t\t<li class=\"elementor-icon-list-item\">\n\t\t\t\t\t\t\t\t\t\t\t<span class=\"elementor-icon-list-icon\">\n\t\t\t\t\t\t\t<svg xmlns=\"http:\/\/www.w3.org\/2000\/svg\" viewbox=\"0 0 512 512\"><path d=\"M256 512A256 256 0 1 0 256 0a256 256 0 1 0 0 512z\"><\/path><\/svg>\t\t\t\t\t\t<\/span>\n\t\t\t\t\t\t\t\t\t\t<span class=\"elementor-icon-list-text\">La Routes des jardins et ses superbes plages de sable blanc<\/span>\n\t\t\t\t\t\t\t\t\t<\/li>\n\t\t\t\t\t\t\t\t<li class=\"elementor-icon-list-item\">\n\t\t\t\t\t\t\t\t\t\t\t<span class=\"elementor-icon-list-icon\">\n\t\t\t\t\t\t\t<svg xmlns=\"http:\/\/www.w3.org\/2000\/svg\" viewbox=\"0 0 512 512\"><path d=\"M256 512A256 256 0 1 0 256 0a256 256 0 1 0 0 512z\"><\/path><\/svg>\t\t\t\t\t\t<\/span>\n\t\t\t\t\t\t\t\t\t\t<span class=\"elementor-icon-list-text\">Port Elizabeth (Gqeberha)<\/span>\n\t\t\t\t\t\t\t\t\t<\/li>\n\t\t\t\t\t\t\t\t<li class=\"elementor-icon-list-item\">\n\t\t\t\t\t\t\t\t\t\t\t<span class=\"elementor-icon-list-icon\">\n\t\t\t\t\t\t\t<svg xmlns=\"http:\/\/www.w3.org\/2000\/svg\" viewbox=\"0 0 512 512\"><path d=\"M256 512A256 256 0 1 0 256 0a256 256 0 1 0 0 512z\"><\/path><\/svg>\t\t\t\t\t\t<\/span>\n\t\t\t\t\t\t\t\t\t\t<span class=\"elementor-icon-list-text\">Possibilit\u00e9 d'\u00eatre log\u00e9s en chambre familiale, excellentes routes et h\u00e9bergement confortable, 2 jours dans une R\u00e9serve priv\u00e9e exempte de paludisme<\/span>\n\t\t\t\t\t\t\t\t\t<\/li>\n\t\t\t\t\t\t<\/ul>\n\t\t\t\t\t\t<\/div>\n\t\t\t\t<\/div>\n\t\t\t\t<div class=\"elementor-element elementor-element-75fce78 elementor-widget elementor-widget-heading\" data-id=\"75fce78\" data-element_type=\"widget\" data-widget_type=\"heading.default\">\n\t\t\t\t<div class=\"elementor-widget-container\">\n\t\t\t\t\t<h3 class=\"elementor-heading-title elementor-size-default\">Si vous disposez de plus de temps<\/h3>\t\t\t\t<\/div>\n\t\t\t\t<\/div>\n\t\t\t\t<div class=\"elementor-element elementor-element-d10f18d elementor-widget elementor-widget-text-editor\" data-id=\"d10f18d\" data-element_type=\"widget\" data-widget_type=\"text-editor.default\">\n\t\t\t\t<div class=\"elementor-widget-container\">\n\t\t\t\t\t\t\t\t\t<p>D\u00e9couvrez les paysages immenses et vallonn\u00e9s de la r\u00e9gion du Petit Karoo et la ville de Oudtshoorn, avec ses grottes de Cango et ses fermes d'autruches.<\/p>\t\t\t\t\t\t\t\t<\/div>\n\t\t\t\t<\/div>\n\t\t\t\t<\/div>\n\t\t<div class=\"elementor-element elementor-element-cfc8e6d e-con-full e-flex e-con e-child\" data-id=\"cfc8e6d\" data-element_type=\"container\">\n\t\t\t\t<div class=\"elementor-element elementor-element-5f20528 elementor-widget elementor-widget-heading\" data-id=\"5f20528\" data-element_type=\"widget\" data-widget_type=\"heading.default\">\n\t\t\t\t<div class=\"elementor-widget-container\">\n\t\t\t\t\t<h3 class=\"elementor-heading-title elementor-size-default\">Lieux visit\u00e9s<\/h3>\t\t\t\t<\/div>\n\t\t\t\t<\/div>\n\t\t\t\t<div class=\"elementor-element elementor-element-6d33d3f elementor-widget elementor-widget-shortcode\" data-id=\"6d33d3f\" data-element_type=\"widget\" data-widget_type=\"shortcode.default\">\n\t\t\t\t<div class=\"elementor-widget-container\">\n\t\t\t\t\t\t\t<div class=\"elementor-shortcode\"><\/div>\n\t\t\t\t\t\t<\/div>\n\t\t\t\t<\/div>\n\t\t\t\t<\/div>\n\t\t\t\t\t<\/div>\n\t\t\t\t<\/div>\n\t\t<div class=\"elementor-element elementor-element-103a622 e-flex e-con-boxed e-con e-parent\" data-id=\"103a622\" data-element_type=\"container\">\n\t\t\t\t\t<div class=\"e-con-inner\">\n\t\t\t\t<div class=\"elementor-element elementor-element-e084953 elementor-widget elementor-widget-heading\" data-id=\"e084953\" data-element_type=\"widget\" data-widget_type=\"heading.default\">\n\t\t\t\t<div class=\"elementor-widget-container\">\n\t\t\t\t\t<h2 class=\"elementor-heading-title elementor-size-default\">Itin\u00e9raire du Tour<\/h2>\t\t\t\t<\/div>\n\t\t\t\t<\/div>\n\t\t\t\t<div class=\"elementor-element elementor-element-b3693a8 elementor-position-left tour-day elementor-vertical-align-top elementor-widget elementor-widget-image-box\" data-id=\"b3693a8\" data-element_type=\"widget\" data-widget_type=\"image-box.default\">\n\t\t\t\t<div class=\"elementor-widget-container\">\n\t\t\t\t\t<div class=\"elementor-image-box-wrapper\"><figure class=\"elementor-image-box-img\"><img fetchpriority=\"high\" decoding=\"async\" width=\"800\" height=\"800\" src=\"https:\/\/africanescape.co.za\/wp-content\/uploads\/2023\/07\/Cape-Town-Tour.jpg\" class=\"attachment-full size-full wp-image-883\" alt=\"\" srcset=\"https:\/\/africanescape.co.za\/wp-content\/uploads\/2023\/07\/Cape-Town-Tour.jpg 800w, https:\/\/africanescape.co.za\/wp-content\/uploads\/2023\/07\/Cape-Town-Tour-300x300.jpg 300w, https:\/\/africanescape.co.za\/wp-content\/uploads\/2023\/07\/Cape-Town-Tour-150x150.jpg 150w, https:\/\/africanescape.co.za\/wp-content\/uploads\/2023\/07\/Cape-Town-Tour-768x768.jpg 768w\" sizes=\"(max-width: 800px) 100vw, 800px\" \/><\/figure><div class=\"elementor-image-box-content\"><h3 class=\"elementor-image-box-title\"><span>Jour 1<\/span>Le Cap<\/h3><p class=\"elementor-image-box-description\"><p>Arrive in Cape Town, magical and diverse city. Take a city tour to discover the layout of the city. Take the cable car up Table Mountain to discover a stunning view of the Bay and the City. Check in at your hotel for 3 nights, located in Town, Camps bay or V&amp;A Waterfront.<\/p><\/p><\/div><\/div>\t\t\t\t<\/div>\n\t\t\t\t<\/div>\n\t\t\t\t<div class=\"elementor-element elementor-element-7265704 elementor-position-left tour-day elementor-vertical-align-top elementor-widget elementor-widget-image-box\" data-id=\"7265704\" data-element_type=\"widget\" data-widget_type=\"image-box.default\">\n\t\t\t\t<div class=\"elementor-widget-container\">\n\t\t\t\t\t<div class=\"elementor-image-box-wrapper\"><figure class=\"elementor-image-box-img\"><img decoding=\"async\" width=\"800\" height=\"800\" src=\"https:\/\/africanescape.co.za\/wp-content\/uploads\/2023\/07\/Vergelegen-Tour.jpg\" class=\"attachment-full size-full wp-image-884\" alt=\"Vergelegen Tour\" srcset=\"https:\/\/africanescape.co.za\/wp-content\/uploads\/2023\/07\/Vergelegen-Tour.jpg 800w, https:\/\/africanescape.co.za\/wp-content\/uploads\/2023\/07\/Vergelegen-Tour-300x300.jpg 300w, https:\/\/africanescape.co.za\/wp-content\/uploads\/2023\/07\/Vergelegen-Tour-150x150.jpg 150w, https:\/\/africanescape.co.za\/wp-content\/uploads\/2023\/07\/Vergelegen-Tour-768x768.jpg 768w\" sizes=\"(max-width: 800px) 100vw, 800px\" \/><\/figure><div class=\"elementor-image-box-content\"><h3 class=\"elementor-image-box-title\"><span>Jour 2<\/span>Cape Town &amp; Surrounds<\/h3><p class=\"elementor-image-box-description\"><p>Visit the historical center : the Malay area Bo-Kaap, the Companys gardens, the Castle of Good Hope\u2026 Discover the V&amp;A Waterfront, formerly a harbour transformed into a top notch leisure and shopping area Visit the Kirtenbosch Botanical gardens.<\/p><\/p><\/div><\/div>\t\t\t\t<\/div>\n\t\t\t\t<\/div>\n\t\t\t\t<div class=\"elementor-element elementor-element-c18c100 elementor-position-left tour-day elementor-vertical-align-top elementor-widget elementor-widget-image-box\" data-id=\"c18c100\" data-element_type=\"widget\" data-widget_type=\"image-box.default\">\n\t\t\t\t<div class=\"elementor-widget-container\">\n\t\t\t\t\t<div class=\"elementor-image-box-wrapper\"><figure class=\"elementor-image-box-img\"><img decoding=\"async\" width=\"800\" height=\"800\" src=\"https:\/\/africanescape.co.za\/wp-content\/uploads\/2023\/07\/Cape-Peninsula-Tour.jpg\" class=\"attachment-full size-full wp-image-885\" alt=\"Cape Peninsula Tour\" srcset=\"https:\/\/africanescape.co.za\/wp-content\/uploads\/2023\/07\/Cape-Peninsula-Tour.jpg 800w, https:\/\/africanescape.co.za\/wp-content\/uploads\/2023\/07\/Cape-Peninsula-Tour-300x300.jpg 300w, https:\/\/africanescape.co.za\/wp-content\/uploads\/2023\/07\/Cape-Peninsula-Tour-150x150.jpg 150w, https:\/\/africanescape.co.za\/wp-content\/uploads\/2023\/07\/Cape-Peninsula-Tour-768x768.jpg 768w\" sizes=\"(max-width: 800px) 100vw, 800px\" \/><\/figure><div class=\"elementor-image-box-content\"><h3 class=\"elementor-image-box-title\"><span>Jour 3<\/span>P\u00e9ninsule du Cap<\/h3><p class=\"elementor-image-box-description\"><p>En route pour la p\u00e9ninsule du Cap : ses plages immacul\u00e9es et les petites villes c\u00f4ti\u00e8res comme Hout Bay, Muizenberg, Fish Hoek, Noordhoek\u2026Apr\u00e8s la c\u00e9l\u00e8bre route c\u00f4ti\u00e8re sur la falaise : Chapman's Peak, arriv\u00e9e \u00e0 la R\u00e9serve naturelle du Cap de bonne Esp\u00e9rance, marche jusqu'au phare,il est possible de faire une courte randonn\u00e9e au sommet des falaises.\n\nSur le chemin du retour, conduisez par la C\u00f4te Est de la p\u00e9ninsule et ses villages pleins de charme, arr\u00eat \u00e0 la plage Boulders pour d\u00e9couvrir la colonie de manchots du Cap.<\/p><\/p><\/div><\/div>\t\t\t\t<\/div>\n\t\t\t\t<\/div>\n\t\t\t\t<div class=\"elementor-element elementor-element-92f9d64 elementor-position-left tour-day elementor-vertical-align-top elementor-widget elementor-widget-image-box\" data-id=\"92f9d64\" data-element_type=\"widget\" data-widget_type=\"image-box.default\">\n\t\t\t\t<div class=\"elementor-widget-container\">\n\t\t\t\t\t<div class=\"elementor-image-box-wrapper\"><figure class=\"elementor-image-box-img\"><img loading=\"lazy\" decoding=\"async\" width=\"800\" height=\"800\" src=\"https:\/\/africanescape.co.za\/wp-content\/uploads\/2023\/07\/Winelands-Tour.jpg\" class=\"attachment-full size-full wp-image-889\" alt=\"Winelands Tour\" srcset=\"https:\/\/africanescape.co.za\/wp-content\/uploads\/2023\/07\/Winelands-Tour.jpg 800w, https:\/\/africanescape.co.za\/wp-content\/uploads\/2023\/07\/Winelands-Tour-300x300.jpg 300w, https:\/\/africanescape.co.za\/wp-content\/uploads\/2023\/07\/Winelands-Tour-150x150.jpg 150w, https:\/\/africanescape.co.za\/wp-content\/uploads\/2023\/07\/Winelands-Tour-768x768.jpg 768w\" sizes=\"(max-width: 800px) 100vw, 800px\" \/><\/figure><div class=\"elementor-image-box-content\"><h3 class=\"elementor-image-box-title\"><span>Jour 4<\/span>La Route des vins<\/h3><p class=\"elementor-image-box-description\"><p>Quittez le Cap pour d\u00e9couvrir ses vignobles, 50 km de Cape Town. Visitez Stellenbosch, fond\u00e9e en 1879. De nombreux Domaines viticoles se trouvent \u00e0 proximit\u00e9 du centre-ville, D\u00e9gustez certains des meilleurs vins sud-africains ! Votre route vous m\u00e8ne \u00e0 la vall\u00e9e de Paarl et Franschhoek. A Paarl , fond\u00e9e en 1720, visitez la plus grande cave du monde : la coop\u00e9rative KWV cr\u00e9\u00e9 en 1918 pour faire face \u00e0 la surproduction. La pittoresque vall\u00e9e de Franschhoek, le \"coin des Fran\u00e7ais\", visiter le mus\u00e9e Huguenots, qui ont fui la France en 1688. Beaucoup de propri\u00e9t\u00e9s viticoles exceptionnelles sont situ\u00e9es le long de la route pour faire quelques d\u00e9gustations de vin, d\u00e9jeuner ou d\u00eener. Certains restaurants de tr\u00e8s bonne r\u00e9putation sont h\u00e9berg\u00e9s par les successions. Nuit dans un h\u00f4tel situ\u00e9 dans les vignobles.<\/p><\/p><\/div><\/div>\t\t\t\t<\/div>\n\t\t\t\t<\/div>\n\t\t\t\t<div class=\"elementor-element elementor-element-b91b77d elementor-position-left tour-day elementor-vertical-align-top elementor-widget elementor-widget-image-box\" data-id=\"b91b77d\" data-element_type=\"widget\" data-widget_type=\"image-box.default\">\n\t\t\t\t<div class=\"elementor-widget-container\">\n\t\t\t\t\t<div class=\"elementor-image-box-wrapper\"><figure class=\"elementor-image-box-img\"><img loading=\"lazy\" decoding=\"async\" width=\"800\" height=\"800\" src=\"https:\/\/africanescape.co.za\/wp-content\/uploads\/2023\/07\/Hermanus-Tour.jpg\" class=\"attachment-full size-full wp-image-886\" alt=\"Hermanus Tour\" srcset=\"https:\/\/africanescape.co.za\/wp-content\/uploads\/2023\/07\/Hermanus-Tour.jpg 800w, https:\/\/africanescape.co.za\/wp-content\/uploads\/2023\/07\/Hermanus-Tour-300x300.jpg 300w, https:\/\/africanescape.co.za\/wp-content\/uploads\/2023\/07\/Hermanus-Tour-150x150.jpg 150w, https:\/\/africanescape.co.za\/wp-content\/uploads\/2023\/07\/Hermanus-Tour-768x768.jpg 768w\" sizes=\"(max-width: 800px) 100vw, 800px\" \/><\/figure><div class=\"elementor-image-box-content\"><h3 class=\"elementor-image-box-title\"><span>Jour 5<\/span>Route des vins, Swellendam<\/h3><p class=\"elementor-image-box-description\"><p>Vous quittez la r\u00e9gion des vignobles par le col de Franschhoek et traversez la r\u00e9gion de l'Overberg pour atteindre Hermanus, ville c\u00f4ti\u00e8re c\u00e9l\u00e8bre pour les baleines \u00e0 bosse qui viennent se reproduire chaque ann\u00e9e entre Ao\u00fbt et Octobre. Profitez de cette c\u00f4te magnifique et sauvage et d\u00e9couvrir la r\u00e9gion Gans Bay \/ Stanford, o\u00f9 2 oc\u00e9ans se rencontrent. La pointe sud de l'Afrique est dans le cap des Aiguilles). Nuit \u00e0 Swellendam.<\/p><\/p><\/div><\/div>\t\t\t\t<\/div>\n\t\t\t\t<\/div>\n\t\t\t\t<div class=\"elementor-element elementor-element-a8e0ff0 elementor-position-left tour-day elementor-vertical-align-top elementor-widget elementor-widget-image-box\" data-id=\"a8e0ff0\" data-element_type=\"widget\" data-widget_type=\"image-box.default\">\n\t\t\t\t<div class=\"elementor-widget-container\">\n\t\t\t\t\t<div class=\"elementor-image-box-wrapper\"><figure class=\"elementor-image-box-img\"><img loading=\"lazy\" decoding=\"async\" width=\"800\" height=\"800\" src=\"https:\/\/africanescape.co.za\/wp-content\/uploads\/2023\/07\/Garden-Route-Tour.jpg\" class=\"attachment-full size-full wp-image-888\" alt=\"Garden Route Tour\" srcset=\"https:\/\/africanescape.co.za\/wp-content\/uploads\/2023\/07\/Garden-Route-Tour.jpg 800w, https:\/\/africanescape.co.za\/wp-content\/uploads\/2023\/07\/Garden-Route-Tour-300x300.jpg 300w, https:\/\/africanescape.co.za\/wp-content\/uploads\/2023\/07\/Garden-Route-Tour-150x150.jpg 150w, https:\/\/africanescape.co.za\/wp-content\/uploads\/2023\/07\/Garden-Route-Tour-768x768.jpg 768w\" sizes=\"(max-width: 800px) 100vw, 800px\" \/><\/figure><div class=\"elementor-image-box-content\"><h3 class=\"elementor-image-box-title\"><span>Jour 6<\/span>Swellendam, Knysna ou Plettenberg Bay<\/h3><p class=\"elementor-image-box-description\"><p>Vous vous trouvez sur la fameuse \u00abGarden Route\u00bb. Arr\u00eat \u00e0 Mossel Bay, o\u00f9 l'explorateur Bartolomeu Diaz est arriv\u00e9 en 1488. Arriv\u00e9e \u00e0 Knysna ou Plettenberg Bay (30km distance), 2 des stations baln\u00e9aires favorites des Sud-Africains le long de la Garden Route. Knysna est situ\u00e9 le long d'un lagon magnifique donnant sur l'oc\u00e9an \u00e0 des \u00abchefs\u00bb. Parcours de golf vallonn\u00e9s et superbes \u00e0 Pezula ou Simola.. Plettenberg Bay offre de magnifiques plages et la r\u00e9serve naturelle de Robberg.<\/p><\/p><\/div><\/div>\t\t\t\t<\/div>\n\t\t\t\t<\/div>\n\t\t\t\t<div class=\"elementor-element elementor-element-e4108de elementor-position-left tour-day elementor-vertical-align-top elementor-widget elementor-widget-image-box\" data-id=\"e4108de\" data-element_type=\"widget\" data-widget_type=\"image-box.default\">\n\t\t\t\t<div class=\"elementor-widget-container\">\n\t\t\t\t\t<div class=\"elementor-image-box-wrapper\"><figure class=\"elementor-image-box-img\"><img loading=\"lazy\" decoding=\"async\" width=\"800\" height=\"800\" src=\"https:\/\/africanescape.co.za\/wp-content\/uploads\/2023\/07\/Knysna-Tour.jpg\" class=\"attachment-full size-full wp-image-891\" alt=\"\" srcset=\"https:\/\/africanescape.co.za\/wp-content\/uploads\/2023\/07\/Knysna-Tour.jpg 800w, https:\/\/africanescape.co.za\/wp-content\/uploads\/2023\/07\/Knysna-Tour-300x300.jpg 300w, https:\/\/africanescape.co.za\/wp-content\/uploads\/2023\/07\/Knysna-Tour-150x150.jpg 150w, https:\/\/africanescape.co.za\/wp-content\/uploads\/2023\/07\/Knysna-Tour-768x768.jpg 768w\" sizes=\"(max-width: 800px) 100vw, 800px\" \/><\/figure><div class=\"elementor-image-box-content\"><h3 class=\"elementor-image-box-title\"><span>Jour 7<\/span>Knysna \/ Plettenberg Bay<\/h3><p class=\"elementor-image-box-description\"><p>Profitez de la journ\u00e9e autour des nombreuses plages et attractions de la r\u00e9gion (croisi\u00e8res, rencontre avec les dauphins en mer, parc des \u00e9l\u00e9phants, shopping, etc).<\/p><\/p><\/div><\/div>\t\t\t\t<\/div>\n\t\t\t\t<\/div>\n\t\t\t\t<div class=\"elementor-element elementor-element-0b25e88 elementor-position-left tour-day elementor-vertical-align-top elementor-widget elementor-widget-image-box\" data-id=\"0b25e88\" data-element_type=\"widget\" data-widget_type=\"image-box.default\">\n\t\t\t\t<div class=\"elementor-widget-container\">\n\t\t\t\t\t<div class=\"elementor-image-box-wrapper\"><figure class=\"elementor-image-box-img\"><img loading=\"lazy\" decoding=\"async\" width=\"800\" height=\"800\" src=\"https:\/\/africanescape.co.za\/wp-content\/uploads\/2023\/07\/Robberg-Tour-1.jpg\" class=\"attachment-full size-full wp-image-887\" alt=\"Robberg Tour\" srcset=\"https:\/\/africanescape.co.za\/wp-content\/uploads\/2023\/07\/Robberg-Tour-1.jpg 800w, https:\/\/africanescape.co.za\/wp-content\/uploads\/2023\/07\/Robberg-Tour-1-300x300.jpg 300w, https:\/\/africanescape.co.za\/wp-content\/uploads\/2023\/07\/Robberg-Tour-1-150x150.jpg 150w, https:\/\/africanescape.co.za\/wp-content\/uploads\/2023\/07\/Robberg-Tour-1-768x768.jpg 768w\" sizes=\"(max-width: 800px) 100vw, 800px\" \/><\/figure><div class=\"elementor-image-box-content\"><h3 class=\"elementor-image-box-title\"><span>Jour 8<\/span>Knysna \/ Plettenberg Bay<\/h3><p class=\"elementor-image-box-description\"><p>Route vers Port Elizabeth (250km) via la for\u00eat de Tsitsikamma et Jeffreys Bay, c\u00e9l\u00e8bre pour le surf . Une heure de plus sur la route vous m\u00e8nera \u00e0 votre R\u00e9serve priv\u00e9e dans la r\u00e9gion d'Addo (exempte de paludisme). Arriv\u00e9e \u00e0 votre Lodge pour 2 nuits. Apr\u00e8s-midi de safari avec votre Ranger en 4\u00d74, vous aurez peut \u00eatre la chance d'apercevoir les 'Big 5? D\u00eener et nuit au Lodge.<\/p><\/p><\/div><\/div>\t\t\t\t<\/div>\n\t\t\t\t<\/div>\n\t\t\t\t<div class=\"elementor-element elementor-element-78ade12 elementor-position-left tour-day elementor-vertical-align-top elementor-widget elementor-widget-image-box\" data-id=\"78ade12\" data-element_type=\"widget\" data-widget_type=\"image-box.default\">\n\t\t\t\t<div class=\"elementor-widget-container\">\n\t\t\t\t\t<div class=\"elementor-image-box-wrapper\"><figure class=\"elementor-image-box-img\"><img loading=\"lazy\" decoding=\"async\" width=\"800\" height=\"800\" src=\"https:\/\/africanescape.co.za\/wp-content\/uploads\/2023\/08\/Giraffe-safari.jpg\" class=\"attachment-full size-full wp-image-1412\" alt=\"Giraffe-safari\" srcset=\"https:\/\/africanescape.co.za\/wp-content\/uploads\/2023\/08\/Giraffe-safari.jpg 800w, https:\/\/africanescape.co.za\/wp-content\/uploads\/2023\/08\/Giraffe-safari-300x300.jpg 300w, https:\/\/africanescape.co.za\/wp-content\/uploads\/2023\/08\/Giraffe-safari-150x150.jpg 150w, https:\/\/africanescape.co.za\/wp-content\/uploads\/2023\/08\/Giraffe-safari-768x768.jpg 768w, https:\/\/africanescape.co.za\/wp-content\/uploads\/2023\/08\/Giraffe-safari-12x12.jpg 12w\" sizes=\"(max-width: 800px) 100vw, 800px\" \/><\/figure><div class=\"elementor-image-box-content\"><h3 class=\"elementor-image-box-title\"><span>Jour 9<\/span>R\u00e9serve Priv\u00e9e<\/h3><p class=\"elementor-image-box-description\"><p>Journ\u00e9e en pension compl\u00e8te avec 2 Safaris \u00e0 4\u00d74 par jour.<\/p><\/p><\/div><\/div>\t\t\t\t<\/div>\n\t\t\t\t<\/div>\n\t\t\t\t<div class=\"elementor-element elementor-element-f1391d0 elementor-position-left tour-day elementor-vertical-align-top elementor-widget elementor-widget-image-box\" data-id=\"f1391d0\" data-element_type=\"widget\" data-widget_type=\"image-box.default\">\n\t\t\t\t<div class=\"elementor-widget-container\">\n\t\t\t\t\t<div class=\"elementor-image-box-wrapper\"><figure class=\"elementor-image-box-img\"><img loading=\"lazy\" decoding=\"async\" width=\"800\" height=\"800\" src=\"https:\/\/africanescape.co.za\/wp-content\/uploads\/2023\/07\/Kruger-National-Park-Tour.jpg\" class=\"attachment-full size-full wp-image-893\" alt=\"Kruger National Park Tour\" srcset=\"https:\/\/africanescape.co.za\/wp-content\/uploads\/2023\/07\/Kruger-National-Park-Tour.jpg 800w, https:\/\/africanescape.co.za\/wp-content\/uploads\/2023\/07\/Kruger-National-Park-Tour-300x300.jpg 300w, https:\/\/africanescape.co.za\/wp-content\/uploads\/2023\/07\/Kruger-National-Park-Tour-150x150.jpg 150w, https:\/\/africanescape.co.za\/wp-content\/uploads\/2023\/07\/Kruger-National-Park-Tour-768x768.jpg 768w\" sizes=\"(max-width: 800px) 100vw, 800px\" \/><\/figure><div class=\"elementor-image-box-content\"><h3 class=\"elementor-image-box-title\"><span>Jour 10<\/span>R\u00e9serve Priv\u00e9e<\/h3><p class=\"elementor-image-box-description\"><p>Profitez d'un dernier safari matinal avant d'\u00eatre transf\u00e9r\u00e9 \u00e0 l'a\u00e9roport de Port Elizabeth. Vol pour Le Cap ou Johannesburg et correspondance vers la France.<\/p><\/p><\/div><\/div>\t\t\t\t<\/div>\n\t\t\t\t<\/div>\n\t\t\t\t\t<\/div>\n\t\t\t\t<\/div>\n\t\t\t\t<\/div>","protected":false},"excerpt":{"rendered":"<p>Self drive or guided tour from Cape Town to the Big 5. Magical coastal landscapes 9 Nights Combine the best of Cape Town and the Garden Route, travelling as a couple or as a family. Discover the magnificent region of the Western Cape along the coast, and finish off with the highlight of 2 nights [&hellip;]<\/p>","protected":false},"author":1,"featured_media":0,"parent":0,"menu_order":0,"comment_status":"closed","ping_status":"closed","template":"","meta":{"footnotes":""},"class_list":["post-366","page","type-page","status-publish","hentry"],"_links":{"self":[{"href":"https:\/\/africanescape.co.za\/fr\/wp-json\/wp\/v2\/pages\/366","targetHints":{"allow":["GET"]}}],"collection":[{"href":"https:\/\/africanescape.co.za\/fr\/wp-json\/wp\/v2\/pages"}],"about":[{"href":"https:\/\/africanescape.co.za\/fr\/wp-json\/wp\/v2\/types\/page"}],"author":[{"embeddable":true,"href":"https:\/\/africanescape.co.za\/fr\/wp-json\/wp\/v2\/users\/1"}],"replies":[{"embeddable":true,"href":"https:\/\/africanescape.co.za\/fr\/wp-json\/wp\/v2\/comments?post=366"}],"version-history":[{"count":0,"href":"https:\/\/africanescape.co.za\/fr\/wp-json\/wp\/v2\/pages\/366\/revisions"}],"wp:attachment":[{"href":"https:\/\/africanescape.co.za\/fr\/wp-json\/wp\/v2\/media?parent=366"}],"curies":[{"name":"wp","href":"https:\/\/api.w.org\/{rel}","templated":true}]}}