{"id":372,"date":"2023-07-10T09:50:10","date_gmt":"2023-07-10T07:50:10","guid":{"rendered":"https:\/\/africanescape.co.za\/?page_id=372"},"modified":"2023-08-23T12:06:00","modified_gmt":"2023-08-23T10:06:00","slug":"south-africa-golfing-tour","status":"publish","type":"page","link":"https:\/\/africanescape.co.za\/fr\/south-africa-golfing-tour\/","title":{"rendered":"S\u00e9jour Golf en Afrique du Sud"},"content":{"rendered":"<div data-elementor-type=\"wp-page\" data-elementor-id=\"372\" class=\"elementor elementor-372\" data-elementor-post-type=\"page\">\n\t\t\t\t<div class=\"elementor-element elementor-element-f5f7830 e-con-full e-flex e-con e-parent\" data-id=\"f5f7830\" data-element_type=\"container\" data-settings=\"{&quot;background_background&quot;:&quot;classic&quot;}\">\n\t\t\t\t<div class=\"elementor-element elementor-element-17e02c3 elementor-widget elementor-widget-heading\" data-id=\"17e02c3\" data-element_type=\"widget\" data-widget_type=\"heading.default\">\n\t\t\t\t<div class=\"elementor-widget-container\">\n\t\t\t\t\t<h4 class=\"elementor-heading-title elementor-size-default\">Tee off in Cape Town &amp; the Garden Route and visit the Kruger Park.<\/h4>\t\t\t\t<\/div>\n\t\t\t\t<\/div>\n\t\t\t\t<\/div>\n\t\t<div class=\"elementor-element elementor-element-8f48262 e-flex e-con-boxed e-con e-parent\" data-id=\"8f48262\" data-element_type=\"container\">\n\t\t\t\t\t<div class=\"e-con-inner\">\n\t\t\t\t<div class=\"elementor-element elementor-element-f0c67de elementor-widget elementor-widget-heading\" data-id=\"f0c67de\" data-element_type=\"widget\" data-widget_type=\"heading.default\">\n\t\t\t\t<div class=\"elementor-widget-container\">\n\t\t\t\t\t<h2 class=\"elementor-heading-title elementor-size-default\">Sur des parcours de l\u00e9gende<\/h2>\t\t\t\t<\/div>\n\t\t\t\t<\/div>\n\t\t\t\t<div class=\"elementor-element elementor-element-d558bb5 elementor-widget elementor-widget-heading\" data-id=\"d558bb5\" data-element_type=\"widget\" data-widget_type=\"heading.default\">\n\t\t\t\t<div class=\"elementor-widget-container\">\n\t\t\t\t\t<h4 class=\"elementor-heading-title elementor-size-default\">8 Nuits<\/h4>\t\t\t\t<\/div>\n\t\t\t\t<\/div>\n\t\t\t\t<div class=\"elementor-element elementor-element-546af2e elementor-widget elementor-widget-text-editor\" data-id=\"546af2e\" data-element_type=\"widget\" data-widget_type=\"text-editor.default\">\n\t\t\t\t<div class=\"elementor-widget-container\">\n\t\t\t\t\t\t\t\t\t<p class=\"translation-block\">Profitez compl\u00e8tement de votre passion pour le golf sur les parcours les plus spectaculaires du pays! Les l\u00e9gendaires <strong>Fancourt<\/strong> et <strong>Leopard Creek<\/strong> font partie de cet itin\u00e9raire qui vous m\u00e8nera de la <strong>r\u00e9gion du Cap<\/strong> jusqu'aux paysages du <strong>Mpumalanga<\/strong> et du <strong>Parc Kruger<\/strong>. D\u00e9couvrez des paysages uniques et vari\u00e9s, dans le confort d'un h\u00e9bergement exceptionnel.<\/p>\t\t\t\t\t\t\t\t<\/div>\n\t\t\t\t<\/div>\n\t\t\t\t\t<\/div>\n\t\t\t\t<\/div>\n\t\t<div class=\"elementor-element elementor-element-0162759 e-flex e-con-boxed e-con e-parent\" data-id=\"0162759\" data-element_type=\"container\">\n\t\t\t\t\t<div class=\"e-con-inner\">\n\t\t<div class=\"elementor-element elementor-element-5423ab9 e-con-full e-flex e-con e-child\" data-id=\"5423ab9\" data-element_type=\"container\">\n\t\t\t\t<div class=\"elementor-element elementor-element-f170df4 elementor-widget elementor-widget-heading\" data-id=\"f170df4\" data-element_type=\"widget\" data-widget_type=\"heading.default\">\n\t\t\t\t<div class=\"elementor-widget-container\">\n\t\t\t\t\t<h3 class=\"elementor-heading-title elementor-size-default\">Points Forts<\/h3>\t\t\t\t<\/div>\n\t\t\t\t<\/div>\n\t\t\t\t<div class=\"elementor-element elementor-element-28d6751 elementor-icon-list--layout-traditional elementor-list-item-link-full_width elementor-widget elementor-widget-icon-list\" data-id=\"28d6751\" data-element_type=\"widget\" data-widget_type=\"icon-list.default\">\n\t\t\t\t<div class=\"elementor-widget-container\">\n\t\t\t\t\t\t\t<ul class=\"elementor-icon-list-items\">\n\t\t\t\t\t\t\t<li class=\"elementor-icon-list-item\">\n\t\t\t\t\t\t\t\t\t\t\t<span class=\"elementor-icon-list-icon\">\n\t\t\t\t\t\t\t<svg xmlns=\"http:\/\/www.w3.org\/2000\/svg\" viewbox=\"0 0 512 512\"><path d=\"M256 512A256 256 0 1 0 256 0a256 256 0 1 0 0 512z\"><\/path><\/svg>\t\t\t\t\t\t<\/span>\n\t\t\t\t\t\t\t\t\t\t<span class=\"elementor-icon-list-text\">La ville de Cape Town<\/span>\n\t\t\t\t\t\t\t\t\t<\/li>\n\t\t\t\t\t\t\t\t<li class=\"elementor-icon-list-item\">\n\t\t\t\t\t\t\t\t\t\t\t<span class=\"elementor-icon-list-icon\">\n\t\t\t\t\t\t\t<svg xmlns=\"http:\/\/www.w3.org\/2000\/svg\" viewbox=\"0 0 512 512\"><path d=\"M256 512A256 256 0 1 0 256 0a256 256 0 1 0 0 512z\"><\/path><\/svg>\t\t\t\t\t\t<\/span>\n\t\t\t\t\t\t\t\t\t\t<span class=\"elementor-icon-list-text\">Les paysages uniques de George et Knysna<\/span>\n\t\t\t\t\t\t\t\t\t<\/li>\n\t\t\t\t\t\t\t\t<li class=\"elementor-icon-list-item\">\n\t\t\t\t\t\t\t\t\t\t\t<span class=\"elementor-icon-list-icon\">\n\t\t\t\t\t\t\t<svg xmlns=\"http:\/\/www.w3.org\/2000\/svg\" viewbox=\"0 0 512 512\"><path d=\"M256 512A256 256 0 1 0 256 0a256 256 0 1 0 0 512z\"><\/path><\/svg>\t\t\t\t\t\t<\/span>\n\t\t\t\t\t\t\t\t\t\t<span class=\"elementor-icon-list-text\">Safaris et h\u00e9bergement en R\u00e9serve priv\u00e9e dans le parc Kruger<\/span>\n\t\t\t\t\t\t\t\t\t<\/li>\n\t\t\t\t\t\t\t\t<li class=\"elementor-icon-list-item\">\n\t\t\t\t\t\t\t\t\t\t\t<span class=\"elementor-icon-list-icon\">\n\t\t\t\t\t\t\t<svg xmlns=\"http:\/\/www.w3.org\/2000\/svg\" viewbox=\"0 0 512 512\"><path d=\"M256 512A256 256 0 1 0 256 0a256 256 0 1 0 0 512z\"><\/path><\/svg>\t\t\t\t\t\t<\/span>\n\t\t\t\t\t\t\t\t\t\t<span class=\"elementor-icon-list-text\">Parcours de golf exceptionnels: Fancourt, Pezula, Steenberg, Leopard Creek<\/span>\n\t\t\t\t\t\t\t\t\t<\/li>\n\t\t\t\t\t\t<\/ul>\n\t\t\t\t\t\t<\/div>\n\t\t\t\t<\/div>\n\t\t\t\t<div class=\"elementor-element elementor-element-dcce520 elementor-widget elementor-widget-heading\" data-id=\"dcce520\" data-element_type=\"widget\" data-widget_type=\"heading.default\">\n\t\t\t\t<div class=\"elementor-widget-container\">\n\t\t\t\t\t<h3 class=\"elementor-heading-title elementor-size-default\">Si vous disposez de plus de temps<\/h3>\t\t\t\t<\/div>\n\t\t\t\t<\/div>\n\t\t\t\t<div class=\"elementor-element elementor-element-f1f35a0 elementor-widget elementor-widget-text-editor\" data-id=\"f1f35a0\" data-element_type=\"widget\" data-widget_type=\"text-editor.default\">\n\t\t\t\t<div class=\"elementor-widget-container\">\n\t\t\t\t\t\t\t\t\t<p>Explorez la r\u00e9gion rurale riche en culture du Limpopo, au nord-ouest du parc Kruger, avant de partir pour Johannesburg, et jouez au golf sur le parcours unique de Legend Golf \u00e0 la R\u00e9serve de Entabeni.<\/p>\t\t\t\t\t\t\t\t<\/div>\n\t\t\t\t<\/div>\n\t\t\t\t<\/div>\n\t\t<div class=\"elementor-element elementor-element-7211ceb e-con-full e-flex e-con e-child\" data-id=\"7211ceb\" data-element_type=\"container\">\n\t\t\t\t<div class=\"elementor-element elementor-element-56472da elementor-widget elementor-widget-heading\" data-id=\"56472da\" data-element_type=\"widget\" data-widget_type=\"heading.default\">\n\t\t\t\t<div class=\"elementor-widget-container\">\n\t\t\t\t\t<h3 class=\"elementor-heading-title elementor-size-default\">Lieux visit\u00e9s<\/h3>\t\t\t\t<\/div>\n\t\t\t\t<\/div>\n\t\t\t\t<div class=\"elementor-element elementor-element-633df68 elementor-widget elementor-widget-shortcode\" data-id=\"633df68\" data-element_type=\"widget\" data-widget_type=\"shortcode.default\">\n\t\t\t\t<div class=\"elementor-widget-container\">\n\t\t\t\t\t\t\t<div class=\"elementor-shortcode\"><\/div>\n\t\t\t\t\t\t<\/div>\n\t\t\t\t<\/div>\n\t\t\t\t<\/div>\n\t\t\t\t\t<\/div>\n\t\t\t\t<\/div>\n\t\t<div class=\"elementor-element elementor-element-426b202 e-flex e-con-boxed e-con e-parent\" data-id=\"426b202\" data-element_type=\"container\">\n\t\t\t\t\t<div class=\"e-con-inner\">\n\t\t\t\t<div class=\"elementor-element elementor-element-5275b84 elementor-widget elementor-widget-heading\" data-id=\"5275b84\" data-element_type=\"widget\" data-widget_type=\"heading.default\">\n\t\t\t\t<div class=\"elementor-widget-container\">\n\t\t\t\t\t<h2 class=\"elementor-heading-title elementor-size-default\">Itin\u00e9raire du Tour<\/h2>\t\t\t\t<\/div>\n\t\t\t\t<\/div>\n\t\t\t\t<div class=\"elementor-element elementor-element-bc4e275 elementor-position-left tour-day elementor-vertical-align-top elementor-widget elementor-widget-image-box\" data-id=\"bc4e275\" data-element_type=\"widget\" data-widget_type=\"image-box.default\">\n\t\t\t\t<div class=\"elementor-widget-container\">\n\t\t\t\t\t<div class=\"elementor-image-box-wrapper\"><figure class=\"elementor-image-box-img\"><img fetchpriority=\"high\" decoding=\"async\" width=\"800\" height=\"800\" src=\"https:\/\/africanescape.co.za\/wp-content\/uploads\/2023\/07\/Johannesburg-Tour.jpg\" class=\"attachment-full size-full wp-image-915\" alt=\"Johannesburg Tour\" srcset=\"https:\/\/africanescape.co.za\/wp-content\/uploads\/2023\/07\/Johannesburg-Tour.jpg 800w, https:\/\/africanescape.co.za\/wp-content\/uploads\/2023\/07\/Johannesburg-Tour-300x300.jpg 300w, https:\/\/africanescape.co.za\/wp-content\/uploads\/2023\/07\/Johannesburg-Tour-150x150.jpg 150w, https:\/\/africanescape.co.za\/wp-content\/uploads\/2023\/07\/Johannesburg-Tour-768x768.jpg 768w\" sizes=\"(max-width: 800px) 100vw, 800px\" \/><\/figure><div class=\"elementor-image-box-content\"><h3 class=\"elementor-image-box-title\"><span>Jour 1<\/span>Arriv\u00e9e Johannesburg \u2013 George<\/h3><p class=\"elementor-image-box-description\"><p>Vous atterrissez \u00e0 l'a\u00e9roport de George (de Johannesburg ou Cape Town - le transfert par la route est \u00e9galement possible depuis Cape Town). Transfert au Domaine Fancourt (+\/-15mn de l'a\u00e9roport), l'un des plus c\u00e9l\u00e8bres Golfs du monde, avec 3 parcours diff\u00e9rents, parmi lesquels le parcours Links ouvert uniquement aux r\u00e9sidents de l'h\u00f4tel et aux membres. Nuit \u00e0 l'h\u00f4tel Fancourt - <a href=\"https:\/\/fancourt.co.za\/\">Fancourt Hotel<\/a>.<\/p><\/p><\/div><\/div>\t\t\t\t<\/div>\n\t\t\t\t<\/div>\n\t\t\t\t<div class=\"elementor-element elementor-element-f7b1d03 elementor-position-left tour-day elementor-vertical-align-top elementor-widget elementor-widget-image-box\" data-id=\"f7b1d03\" data-element_type=\"widget\" data-widget_type=\"image-box.default\">\n\t\t\t\t<div class=\"elementor-widget-container\">\n\t\t\t\t\t<div class=\"elementor-image-box-wrapper\"><figure class=\"elementor-image-box-img\"><img decoding=\"async\" width=\"800\" height=\"800\" src=\"https:\/\/africanescape.co.za\/wp-content\/uploads\/2023\/07\/Fancourt-Golf-Tour.jpg\" class=\"attachment-full size-full wp-image-962\" alt=\"Fancourt Golf Tour\" srcset=\"https:\/\/africanescape.co.za\/wp-content\/uploads\/2023\/07\/Fancourt-Golf-Tour.jpg 800w, https:\/\/africanescape.co.za\/wp-content\/uploads\/2023\/07\/Fancourt-Golf-Tour-300x300.jpg 300w, https:\/\/africanescape.co.za\/wp-content\/uploads\/2023\/07\/Fancourt-Golf-Tour-150x150.jpg 150w, https:\/\/africanescape.co.za\/wp-content\/uploads\/2023\/07\/Fancourt-Golf-Tour-768x768.jpg 768w\" sizes=\"(max-width: 800px) 100vw, 800px\" \/><\/figure><div class=\"elementor-image-box-content\"><h3 class=\"elementor-image-box-title\"><span>Day 2 &amp; 3<\/span>Golf \u00e0 Fancourt<\/h3><p class=\"elementor-image-box-description\"><p>Parcours de golf \u00e0 Fancourt (1 au parcours Montagu et 1 \u00e0 l'Outeniqua - parcours Links sur demande) \u2013 ou traitement au Spa pour les non golfeurs. Apr\u00e8s-midi libre. D\u00eeners et nuit \u00e0 l'h\u00f4tel Fancourt.<\/p><\/p><\/div><\/div>\t\t\t\t<\/div>\n\t\t\t\t<\/div>\n\t\t\t\t<div class=\"elementor-element elementor-element-0f20be9 elementor-position-left tour-day elementor-vertical-align-top elementor-widget elementor-widget-image-box\" data-id=\"0f20be9\" data-element_type=\"widget\" data-widget_type=\"image-box.default\">\n\t\t\t\t<div class=\"elementor-widget-container\">\n\t\t\t\t\t<div class=\"elementor-image-box-wrapper\"><figure class=\"elementor-image-box-img\"><img decoding=\"async\" width=\"800\" height=\"800\" src=\"https:\/\/africanescape.co.za\/wp-content\/uploads\/2023\/07\/Pezula-Golf-Tour.jpg\" class=\"attachment-full size-full wp-image-967\" alt=\"\" srcset=\"https:\/\/africanescape.co.za\/wp-content\/uploads\/2023\/07\/Pezula-Golf-Tour.jpg 800w, https:\/\/africanescape.co.za\/wp-content\/uploads\/2023\/07\/Pezula-Golf-Tour-300x300.jpg 300w, https:\/\/africanescape.co.za\/wp-content\/uploads\/2023\/07\/Pezula-Golf-Tour-150x150.jpg 150w, https:\/\/africanescape.co.za\/wp-content\/uploads\/2023\/07\/Pezula-Golf-Tour-768x768.jpg 768w\" sizes=\"(max-width: 800px) 100vw, 800px\" \/><\/figure><div class=\"elementor-image-box-content\"><h3 class=\"elementor-image-box-title\"><span>Jour 4<\/span>Fancourt - Knysna \u2013 Fancourt<\/h3><p class=\"elementor-image-box-description\"><p class=\"translation-block\">Route jusqu'\u00e0 la petite ville de Knysna (+\/- 45mn en voiture) pour une parcours de <a href=\"https:\/\/www.pezulagolfestate.com\/golf-home-2\/\" target=\"_self\">golf au Pezula H\u00f4tel et spa<\/a>  (voiturette obligatoire). Apr\u00e8s le golf, promenade \u00e0 Knysna et d\u00e9couverte de son magnifique lagon. Diner et Nuit \u00e0 l'h\u00f4tel Fancourt.<\/p><\/p><\/div><\/div>\t\t\t\t<\/div>\n\t\t\t\t<\/div>\n\t\t\t\t<div class=\"elementor-element elementor-element-63668bb elementor-position-left tour-day elementor-vertical-align-top elementor-widget elementor-widget-image-box\" data-id=\"63668bb\" data-element_type=\"widget\" data-widget_type=\"image-box.default\">\n\t\t\t\t<div class=\"elementor-widget-container\">\n\t\t\t\t\t<div class=\"elementor-image-box-wrapper\"><figure class=\"elementor-image-box-img\"><img loading=\"lazy\" decoding=\"async\" width=\"800\" height=\"800\" src=\"https:\/\/africanescape.co.za\/wp-content\/uploads\/2023\/07\/Steenberg-Hotel-Tour.jpg\" class=\"attachment-full size-full wp-image-966\" alt=\"\" srcset=\"https:\/\/africanescape.co.za\/wp-content\/uploads\/2023\/07\/Steenberg-Hotel-Tour.jpg 800w, https:\/\/africanescape.co.za\/wp-content\/uploads\/2023\/07\/Steenberg-Hotel-Tour-300x300.jpg 300w, https:\/\/africanescape.co.za\/wp-content\/uploads\/2023\/07\/Steenberg-Hotel-Tour-150x150.jpg 150w, https:\/\/africanescape.co.za\/wp-content\/uploads\/2023\/07\/Steenberg-Hotel-Tour-768x768.jpg 768w\" sizes=\"(max-width: 800px) 100vw, 800px\" \/><\/figure><div class=\"elementor-image-box-content\"><h3 class=\"elementor-image-box-title\"><span>Jour 5<\/span>George - Steenberg (Le Cap)<\/h3><p class=\"elementor-image-box-description\"><p class=\"translation-block\">Journ\u00e9e sur la route de Cape Town (+\/- 5h de route). D\u00eener et nuit au <a href=\"https:\/\/www.steenbergfarm.com\/hotel\/\" target=\"_self\">Domaine Steenberg<\/a>.<\/p><\/p><\/div><\/div>\t\t\t\t<\/div>\n\t\t\t\t<\/div>\n\t\t\t\t<div class=\"elementor-element elementor-element-e0c4711 elementor-position-left tour-day elementor-vertical-align-top elementor-widget elementor-widget-image-box\" data-id=\"e0c4711\" data-element_type=\"widget\" data-widget_type=\"image-box.default\">\n\t\t\t\t<div class=\"elementor-widget-container\">\n\t\t\t\t\t<div class=\"elementor-image-box-wrapper\"><figure class=\"elementor-image-box-img\"><img loading=\"lazy\" decoding=\"async\" width=\"800\" height=\"800\" src=\"https:\/\/africanescape.co.za\/wp-content\/uploads\/2023\/07\/Steenberg-Golf-Tour.jpg\" class=\"attachment-full size-full wp-image-963\" alt=\"Steenberg Golf Tour\" srcset=\"https:\/\/africanescape.co.za\/wp-content\/uploads\/2023\/07\/Steenberg-Golf-Tour.jpg 800w, https:\/\/africanescape.co.za\/wp-content\/uploads\/2023\/07\/Steenberg-Golf-Tour-300x300.jpg 300w, https:\/\/africanescape.co.za\/wp-content\/uploads\/2023\/07\/Steenberg-Golf-Tour-150x150.jpg 150w, https:\/\/africanescape.co.za\/wp-content\/uploads\/2023\/07\/Steenberg-Golf-Tour-768x768.jpg 768w\" sizes=\"(max-width: 800px) 100vw, 800px\" \/><\/figure><div class=\"elementor-image-box-content\"><h3 class=\"elementor-image-box-title\"><span>Jour 6<\/span>Golf \u2013 Steenberg<\/h3><p class=\"elementor-image-box-description\"><p>Round of Golf at the Steenberg course \u2013 www.steenberggolfclub.co.za. In the afternoon, visit Cape Town: up Table Mountain with the cable car for a unique view over the bay and the city. Time at leisure at the V&amp;A Waterfront. Overnight at the Steenberg Hotel.<\/p><\/p><\/div><\/div>\t\t\t\t<\/div>\n\t\t\t\t<\/div>\n\t\t\t\t<div class=\"elementor-element elementor-element-899cb21 elementor-position-left tour-day elementor-vertical-align-top elementor-widget elementor-widget-image-box\" data-id=\"899cb21\" data-element_type=\"widget\" data-widget_type=\"image-box.default\">\n\t\t\t\t<div class=\"elementor-widget-container\">\n\t\t\t\t\t<div class=\"elementor-image-box-wrapper\"><figure class=\"elementor-image-box-img\"><img loading=\"lazy\" decoding=\"async\" width=\"800\" height=\"800\" src=\"https:\/\/africanescape.co.za\/wp-content\/uploads\/2023\/07\/Madikwe-Tour.jpg\" class=\"attachment-full size-full wp-image-890\" alt=\"Madikwe Tour\" srcset=\"https:\/\/africanescape.co.za\/wp-content\/uploads\/2023\/07\/Madikwe-Tour.jpg 800w, https:\/\/africanescape.co.za\/wp-content\/uploads\/2023\/07\/Madikwe-Tour-300x300.jpg 300w, https:\/\/africanescape.co.za\/wp-content\/uploads\/2023\/07\/Madikwe-Tour-150x150.jpg 150w, https:\/\/africanescape.co.za\/wp-content\/uploads\/2023\/07\/Madikwe-Tour-768x768.jpg 768w\" sizes=\"(max-width: 800px) 100vw, 800px\" \/><\/figure><div class=\"elementor-image-box-content\"><h3 class=\"elementor-image-box-title\"><span>Jour 7<\/span> Steenberg - Le Cap - Nelspruit<\/h3><p class=\"elementor-image-box-description\"><p>Transfert \u00e0 l'a\u00e9roport et vol pour Nelspruit (Parc Kruger) Transfert \u00e0 votre lodge situ\u00e9 dans une concession priv\u00e9e au coeur du Parc national Kruger (+\/- 1 h de route). \u00c0 16h, prenez le th\u00e9 avant de partir pour votre premier Safari en 4\u00d74 avec un ranger sp\u00e9cialis\u00e9. Diner et Nuit en R\u00e9serve priv\u00e9e.<\/p><\/p><\/div><\/div>\t\t\t\t<\/div>\n\t\t\t\t<\/div>\n\t\t\t\t<div class=\"elementor-element elementor-element-484aba4 elementor-position-left tour-day elementor-vertical-align-top elementor-widget elementor-widget-image-box\" data-id=\"484aba4\" data-element_type=\"widget\" data-widget_type=\"image-box.default\">\n\t\t\t\t<div class=\"elementor-widget-container\">\n\t\t\t\t\t<div class=\"elementor-image-box-wrapper\"><figure class=\"elementor-image-box-img\"><img loading=\"lazy\" decoding=\"async\" width=\"800\" height=\"800\" src=\"https:\/\/africanescape.co.za\/wp-content\/uploads\/2023\/07\/Leopard-Creek-Golf-Tour.jpg\" class=\"attachment-full size-full wp-image-968\" alt=\"Leopard Creek Golf Tour\" srcset=\"https:\/\/africanescape.co.za\/wp-content\/uploads\/2023\/07\/Leopard-Creek-Golf-Tour.jpg 800w, https:\/\/africanescape.co.za\/wp-content\/uploads\/2023\/07\/Leopard-Creek-Golf-Tour-300x300.jpg 300w, https:\/\/africanescape.co.za\/wp-content\/uploads\/2023\/07\/Leopard-Creek-Golf-Tour-150x150.jpg 150w, https:\/\/africanescape.co.za\/wp-content\/uploads\/2023\/07\/Leopard-Creek-Golf-Tour-768x768.jpg 768w\" sizes=\"(max-width: 800px) 100vw, 800px\" \/><\/figure><div class=\"elementor-image-box-content\"><h3 class=\"elementor-image-box-title\"><span>Jour 8<\/span>Golf \u00e0 Leopard Creek Golf Course<\/h3><p class=\"elementor-image-box-description\"><p class=\"translation-block\">Parcours de golf \u00e0 <a href=\"https:\/\/leopardcreek.co.za\/\" target=\"_self\">Leopard Creek Golf Course<\/a>, l'un des meilleurs parcours du pays, pr\u00e8s de Malelane. Retour au Lodge pour un Safari dans l'apr\u00e8s-midi. D\u00eener et nuit en R\u00e9serve priv\u00e9e.<\/p><\/p><\/div><\/div>\t\t\t\t<\/div>\n\t\t\t\t<\/div>\n\t\t\t\t<div class=\"elementor-element elementor-element-95f8d0a elementor-position-left tour-day elementor-vertical-align-top elementor-widget elementor-widget-image-box\" data-id=\"95f8d0a\" data-element_type=\"widget\" data-widget_type=\"image-box.default\">\n\t\t\t\t<div class=\"elementor-widget-container\">\n\t\t\t\t\t<div class=\"elementor-image-box-wrapper\"><figure class=\"elementor-image-box-img\"><img loading=\"lazy\" decoding=\"async\" width=\"800\" height=\"800\" src=\"https:\/\/africanescape.co.za\/wp-content\/uploads\/2023\/07\/Kruger-Park-Tour.jpg\" class=\"attachment-full size-full wp-image-892\" alt=\"Kruger Park Tour\" srcset=\"https:\/\/africanescape.co.za\/wp-content\/uploads\/2023\/07\/Kruger-Park-Tour.jpg 800w, https:\/\/africanescape.co.za\/wp-content\/uploads\/2023\/07\/Kruger-Park-Tour-300x300.jpg 300w, https:\/\/africanescape.co.za\/wp-content\/uploads\/2023\/07\/Kruger-Park-Tour-150x150.jpg 150w, https:\/\/africanescape.co.za\/wp-content\/uploads\/2023\/07\/Kruger-Park-Tour-768x768.jpg 768w\" sizes=\"(max-width: 800px) 100vw, 800px\" \/><\/figure><div class=\"elementor-image-box-content\"><h3 class=\"elementor-image-box-title\"><span>Jour 9<\/span>Kruger National Park - Johannesburg - D\u00e9part<\/h3><p class=\"elementor-image-box-description\"><p>Dernier Safari en 4\u00d74 au lever du soleil. Transfert \u00e0 l'a\u00e9roport de Nelspruit. Vol pour Johannesburg et correspondance pour votre vol international.<\/p><\/p><\/div><\/div>\t\t\t\t<\/div>\n\t\t\t\t<\/div>\n\t\t\t\t\t<\/div>\n\t\t\t\t<\/div>\n\t\t\t\t<\/div>","protected":false},"excerpt":{"rendered":"<p>Tee off in Cape Town &#038; the Garden Route and visit the Kruger Park. Legendary golf courses 8 Nights Enjoy your passion for golf to the full on the most stunning courses of the country! Legendary Fancourt and Leopard Creek are part of that itinerary which will take you from the Cape Town region to [&hellip;]<\/p>","protected":false},"author":1,"featured_media":0,"parent":0,"menu_order":0,"comment_status":"closed","ping_status":"closed","template":"","meta":{"footnotes":""},"class_list":["post-372","page","type-page","status-publish","hentry"],"_links":{"self":[{"href":"https:\/\/africanescape.co.za\/fr\/wp-json\/wp\/v2\/pages\/372","targetHints":{"allow":["GET"]}}],"collection":[{"href":"https:\/\/africanescape.co.za\/fr\/wp-json\/wp\/v2\/pages"}],"about":[{"href":"https:\/\/africanescape.co.za\/fr\/wp-json\/wp\/v2\/types\/page"}],"author":[{"embeddable":true,"href":"https:\/\/africanescape.co.za\/fr\/wp-json\/wp\/v2\/users\/1"}],"replies":[{"embeddable":true,"href":"https:\/\/africanescape.co.za\/fr\/wp-json\/wp\/v2\/comments?post=372"}],"version-history":[{"count":0,"href":"https:\/\/africanescape.co.za\/fr\/wp-json\/wp\/v2\/pages\/372\/revisions"}],"wp:attachment":[{"href":"https:\/\/africanescape.co.za\/fr\/wp-json\/wp\/v2\/media?parent=372"}],"curies":[{"name":"wp","href":"https:\/\/api.w.org\/{rel}","templated":true}]}}