{"id":374,"date":"2023-07-10T09:50:45","date_gmt":"2023-07-10T07:50:45","guid":{"rendered":"https:\/\/africanescape.co.za\/?page_id=374"},"modified":"2023-08-23T11:59:05","modified_gmt":"2023-08-23T09:59:05","slug":"madikwe-sun-city-safari","status":"publish","type":"page","link":"https:\/\/africanescape.co.za\/fr\/madikwe-sun-city-safari\/","title":{"rendered":"R\u00e9serve de Madikwe et Sun City"},"content":{"rendered":"<div data-elementor-type=\"wp-page\" data-elementor-id=\"374\" class=\"elementor elementor-374\" data-elementor-post-type=\"page\">\n\t\t\t\t<div class=\"elementor-element elementor-element-c39b53f e-con-full e-flex e-con e-parent\" data-id=\"c39b53f\" data-element_type=\"container\" data-settings=\"{&quot;background_background&quot;:&quot;classic&quot;}\">\n\t\t\t\t<div class=\"elementor-element elementor-element-557f0d2 elementor-widget elementor-widget-heading\" data-id=\"557f0d2\" data-element_type=\"widget\" data-widget_type=\"heading.default\">\n\t\t\t\t<div class=\"elementor-widget-container\">\n\t\t\t\t\t<h4 class=\"elementor-heading-title elementor-size-default\">Safari en Afrique du Sud Id\u00e9al pour les enfants.<\/h4>\t\t\t\t<\/div>\n\t\t\t\t<\/div>\n\t\t\t\t<\/div>\n\t\t<div class=\"elementor-element elementor-element-b58ca00 e-flex e-con-boxed e-con e-parent\" data-id=\"b58ca00\" data-element_type=\"container\">\n\t\t\t\t\t<div class=\"e-con-inner\">\n\t\t\t\t<div class=\"elementor-element elementor-element-cb99113 elementor-widget elementor-widget-heading\" data-id=\"cb99113\" data-element_type=\"widget\" data-widget_type=\"heading.default\">\n\t\t\t\t<div class=\"elementor-widget-container\">\n\t\t\t\t\t<h2 class=\"elementor-heading-title elementor-size-default\">L\u2019aventure en famille<\/h2>\t\t\t\t<\/div>\n\t\t\t\t<\/div>\n\t\t\t\t<div class=\"elementor-element elementor-element-e8c2012 elementor-widget elementor-widget-heading\" data-id=\"e8c2012\" data-element_type=\"widget\" data-widget_type=\"heading.default\">\n\t\t\t\t<div class=\"elementor-widget-container\">\n\t\t\t\t\t<h4 class=\"elementor-heading-title elementor-size-default\">7 Nuits<\/h4>\t\t\t\t<\/div>\n\t\t\t\t<\/div>\n\t\t\t\t<div class=\"elementor-element elementor-element-fb21f7b elementor-widget elementor-widget-text-editor\" data-id=\"fb21f7b\" data-element_type=\"widget\" data-widget_type=\"text-editor.default\">\n\t\t\t\t<div class=\"elementor-widget-container\">\n\t\t\t\t\t\t\t\t\t<p class=\"translation-block\">Cet itin\u00e9raire est id\u00e9al avec de jeunes enfants, car la <strong>r\u00e9serve Madikwe<\/strong> est sans paludisme et leur permet de participer aux Safaris en 4x4. Le temps pass\u00e9 sur la route est \u00e9galement tr\u00e8s limit\u00e9, vous profitez ainsi au maximum de votre semaine.<\/p>\t\t\t\t\t\t\t\t<\/div>\n\t\t\t\t<\/div>\n\t\t\t\t\t<\/div>\n\t\t\t\t<\/div>\n\t\t<div class=\"elementor-element elementor-element-363bd79 e-flex e-con-boxed e-con e-parent\" data-id=\"363bd79\" data-element_type=\"container\">\n\t\t\t\t\t<div class=\"e-con-inner\">\n\t\t<div class=\"elementor-element elementor-element-98cb4b5 e-con-full e-flex e-con e-child\" data-id=\"98cb4b5\" data-element_type=\"container\">\n\t\t\t\t<div class=\"elementor-element elementor-element-d3a21ef elementor-widget elementor-widget-heading\" data-id=\"d3a21ef\" data-element_type=\"widget\" data-widget_type=\"heading.default\">\n\t\t\t\t<div class=\"elementor-widget-container\">\n\t\t\t\t\t<h3 class=\"elementor-heading-title elementor-size-default\">Points Forts<\/h3>\t\t\t\t<\/div>\n\t\t\t\t<\/div>\n\t\t\t\t<div class=\"elementor-element elementor-element-1c6184a elementor-icon-list--layout-traditional elementor-list-item-link-full_width elementor-widget elementor-widget-icon-list\" data-id=\"1c6184a\" data-element_type=\"widget\" data-widget_type=\"icon-list.default\">\n\t\t\t\t<div class=\"elementor-widget-container\">\n\t\t\t\t\t\t\t<ul class=\"elementor-icon-list-items\">\n\t\t\t\t\t\t\t<li class=\"elementor-icon-list-item\">\n\t\t\t\t\t\t\t\t\t\t\t<span class=\"elementor-icon-list-icon\">\n\t\t\t\t\t\t\t<svg xmlns=\"http:\/\/www.w3.org\/2000\/svg\" viewbox=\"0 0 512 512\"><path d=\"M256 512A256 256 0 1 0 256 0a256 256 0 1 0 0 512z\"><\/path><\/svg>\t\t\t\t\t\t<\/span>\n\t\t\t\t\t\t\t\t\t\t<span class=\"elementor-icon-list-text\">Safaris et promenades dans le bush \u00e0 Madikwe, jeux et sports nautiques, rencontres culturelles \u00e0 Sun City.<\/span>\n\t\t\t\t\t\t\t\t\t<\/li>\n\t\t\t\t\t\t\t\t<li class=\"elementor-icon-list-item\">\n\t\t\t\t\t\t\t\t\t\t\t<span class=\"elementor-icon-list-icon\">\n\t\t\t\t\t\t\t<svg xmlns=\"http:\/\/www.w3.org\/2000\/svg\" viewbox=\"0 0 512 512\"><path d=\"M256 512A256 256 0 1 0 256 0a256 256 0 1 0 0 512z\"><\/path><\/svg>\t\t\t\t\t\t<\/span>\n\t\t\t\t\t\t\t\t\t\t<span class=\"elementor-icon-list-text\">Un avant-go\u00fbt de Johannesbourg pour commencer ou terminer ce programme ax\u00e9 sur la r\u00e9gion du Nord-Ouest.<\/span>\n\t\t\t\t\t\t\t\t\t<\/li>\n\t\t\t\t\t\t<\/ul>\n\t\t\t\t\t\t<\/div>\n\t\t\t\t<\/div>\n\t\t\t\t<div class=\"elementor-element elementor-element-e181c05 elementor-widget elementor-widget-heading\" data-id=\"e181c05\" data-element_type=\"widget\" data-widget_type=\"heading.default\">\n\t\t\t\t<div class=\"elementor-widget-container\">\n\t\t\t\t\t<h3 class=\"elementor-heading-title elementor-size-default\">Si vous disposez de plus de temps<\/h3>\t\t\t\t<\/div>\n\t\t\t\t<\/div>\n\t\t\t\t<div class=\"elementor-element elementor-element-096e05e elementor-widget elementor-widget-text-editor\" data-id=\"096e05e\" data-element_type=\"widget\" data-widget_type=\"text-editor.default\">\n\t\t\t\t<div class=\"elementor-widget-container\">\n\t\t\t\t\t\t\t\t\tPrenez quelques jours pour visiter Cape Town et le Cap-Occidental.\t\t\t\t\t\t\t\t<\/div>\n\t\t\t\t<\/div>\n\t\t\t\t<\/div>\n\t\t<div class=\"elementor-element elementor-element-4b8e434 e-con-full e-flex e-con e-child\" data-id=\"4b8e434\" data-element_type=\"container\">\n\t\t\t\t<div class=\"elementor-element elementor-element-9b6011b elementor-widget elementor-widget-heading\" data-id=\"9b6011b\" data-element_type=\"widget\" data-widget_type=\"heading.default\">\n\t\t\t\t<div class=\"elementor-widget-container\">\n\t\t\t\t\t<h3 class=\"elementor-heading-title elementor-size-default\">Lieux visit\u00e9s<\/h3>\t\t\t\t<\/div>\n\t\t\t\t<\/div>\n\t\t\t\t<div class=\"elementor-element elementor-element-657d156 elementor-widget elementor-widget-shortcode\" data-id=\"657d156\" data-element_type=\"widget\" data-widget_type=\"shortcode.default\">\n\t\t\t\t<div class=\"elementor-widget-container\">\n\t\t\t\t\t\t\t<div class=\"elementor-shortcode\"><\/div>\n\t\t\t\t\t\t<\/div>\n\t\t\t\t<\/div>\n\t\t\t\t<\/div>\n\t\t\t\t\t<\/div>\n\t\t\t\t<\/div>\n\t\t<div class=\"elementor-element elementor-element-1c27822 e-flex e-con-boxed e-con e-parent\" data-id=\"1c27822\" data-element_type=\"container\">\n\t\t\t\t\t<div class=\"e-con-inner\">\n\t\t\t\t<div class=\"elementor-element elementor-element-0a03bcf elementor-widget elementor-widget-heading\" data-id=\"0a03bcf\" data-element_type=\"widget\" data-widget_type=\"heading.default\">\n\t\t\t\t<div class=\"elementor-widget-container\">\n\t\t\t\t\t<h2 class=\"elementor-heading-title elementor-size-default\">Itin\u00e9raire du Tour<\/h2>\t\t\t\t<\/div>\n\t\t\t\t<\/div>\n\t\t\t\t<div class=\"elementor-element elementor-element-66f6e4e elementor-position-left tour-day elementor-vertical-align-top elementor-widget elementor-widget-image-box\" data-id=\"66f6e4e\" data-element_type=\"widget\" data-widget_type=\"image-box.default\">\n\t\t\t\t<div class=\"elementor-widget-container\">\n\t\t\t\t\t<div class=\"elementor-image-box-wrapper\"><figure class=\"elementor-image-box-img\"><img fetchpriority=\"high\" decoding=\"async\" width=\"800\" height=\"800\" src=\"https:\/\/africanescape.co.za\/wp-content\/uploads\/2023\/07\/Johannesburg-Tour.jpg\" class=\"attachment-full size-full wp-image-915\" alt=\"Johannesburg Tour\" srcset=\"https:\/\/africanescape.co.za\/wp-content\/uploads\/2023\/07\/Johannesburg-Tour.jpg 800w, https:\/\/africanescape.co.za\/wp-content\/uploads\/2023\/07\/Johannesburg-Tour-300x300.jpg 300w, https:\/\/africanescape.co.za\/wp-content\/uploads\/2023\/07\/Johannesburg-Tour-150x150.jpg 150w, https:\/\/africanescape.co.za\/wp-content\/uploads\/2023\/07\/Johannesburg-Tour-768x768.jpg 768w\" sizes=\"(max-width: 800px) 100vw, 800px\" \/><\/figure><div class=\"elementor-image-box-content\"><h3 class=\"elementor-image-box-title\"><span>Jour 1<\/span>Arriv\u00e9e \u00e0 Johannesburg<\/h3><p class=\"elementor-image-box-description\"><p>Arriv\u00e9e \u00e0 Johannesburg et route vers votre h\u00f4tel (avec une voiture de location ou un transfert priv\u00e9). Apr\u00e8s-midi de visites autour de Johannesburg (Lion Park, Gold Reef City ou Montecasino\u2026). Nuit \u00e0 l'H\u00f4tel ou en Guest house \u00e0 Johannesburg.<\/p><\/p><\/div><\/div>\t\t\t\t<\/div>\n\t\t\t\t<\/div>\n\t\t\t\t<div class=\"elementor-element elementor-element-a5918b9 elementor-position-left tour-day elementor-vertical-align-top elementor-widget elementor-widget-image-box\" data-id=\"a5918b9\" data-element_type=\"widget\" data-widget_type=\"image-box.default\">\n\t\t\t\t<div class=\"elementor-widget-container\">\n\t\t\t\t\t<div class=\"elementor-image-box-wrapper\"><figure class=\"elementor-image-box-img\"><img decoding=\"async\" width=\"800\" height=\"800\" src=\"https:\/\/africanescape.co.za\/wp-content\/uploads\/2023\/08\/Giraffe-safari.jpg\" class=\"attachment-full size-full wp-image-1412\" alt=\"Giraffe-safari\" srcset=\"https:\/\/africanescape.co.za\/wp-content\/uploads\/2023\/08\/Giraffe-safari.jpg 800w, https:\/\/africanescape.co.za\/wp-content\/uploads\/2023\/08\/Giraffe-safari-300x300.jpg 300w, https:\/\/africanescape.co.za\/wp-content\/uploads\/2023\/08\/Giraffe-safari-150x150.jpg 150w, https:\/\/africanescape.co.za\/wp-content\/uploads\/2023\/08\/Giraffe-safari-768x768.jpg 768w, https:\/\/africanescape.co.za\/wp-content\/uploads\/2023\/08\/Giraffe-safari-12x12.jpg 12w\" sizes=\"(max-width: 800px) 100vw, 800px\" \/><\/figure><div class=\"elementor-image-box-content\"><h3 class=\"elementor-image-box-title\"><span>Jour 2<\/span>Johannesburg - Madikwe Game Reserve<\/h3><p class=\"elementor-image-box-description\"><p>Route vers Madikwe Game Reserve, dans la province du Nord-Ouest (+\/- 4h de route), une destination Safari sans paludisme. Arriv\u00e9e \u00e0 votre Lodge, o\u00f9 les enfants sont autoris\u00e9s lors des Safaris en 4x4 et ont m\u00eame leur propre programme, et d\u00e9jeuner. Apr\u00e8s-midi safari en 4\u00d74 dans la r\u00e9serve, \u00e0 la recherche des Big 5 avec votre ranger. Certaines activit\u00e9s de safari sont sp\u00e9cialement con\u00e7ues pour les plus jeunes (recherche des empreintes, Safaris moins longs\u2026). D\u00eener et nuit au Lodge - Chambre familiale.<\/p><\/p><\/div><\/div>\t\t\t\t<\/div>\n\t\t\t\t<\/div>\n\t\t\t\t<div class=\"elementor-element elementor-element-59cd713 elementor-position-left tour-day elementor-vertical-align-top elementor-widget elementor-widget-image-box\" data-id=\"59cd713\" data-element_type=\"widget\" data-widget_type=\"image-box.default\">\n\t\t\t\t<div class=\"elementor-widget-container\">\n\t\t\t\t\t<div class=\"elementor-image-box-wrapper\"><figure class=\"elementor-image-box-img\"><img decoding=\"async\" width=\"800\" height=\"800\" src=\"https:\/\/africanescape.co.za\/wp-content\/uploads\/2023\/07\/Kruger-Park-Tour.jpg\" class=\"attachment-full size-full wp-image-892\" alt=\"Kruger Park Tour\" srcset=\"https:\/\/africanescape.co.za\/wp-content\/uploads\/2023\/07\/Kruger-Park-Tour.jpg 800w, https:\/\/africanescape.co.za\/wp-content\/uploads\/2023\/07\/Kruger-Park-Tour-300x300.jpg 300w, https:\/\/africanescape.co.za\/wp-content\/uploads\/2023\/07\/Kruger-Park-Tour-150x150.jpg 150w, https:\/\/africanescape.co.za\/wp-content\/uploads\/2023\/07\/Kruger-Park-Tour-768x768.jpg 768w\" sizes=\"(max-width: 800px) 100vw, 800px\" \/><\/figure><div class=\"elementor-image-box-content\"><h3 class=\"elementor-image-box-title\"><span>Day 3 &amp; 4<\/span>Madikwe Game Reserve<\/h3><p class=\"elementor-image-box-description\"><p>2 jours en pension compl\u00e8te avec 2 activit\u00e9s safari par jour.<\/p><\/p><\/div><\/div>\t\t\t\t<\/div>\n\t\t\t\t<\/div>\n\t\t\t\t<div class=\"elementor-element elementor-element-8cff053 elementor-position-left tour-day elementor-vertical-align-top elementor-widget elementor-widget-image-box\" data-id=\"8cff053\" data-element_type=\"widget\" data-widget_type=\"image-box.default\">\n\t\t\t\t<div class=\"elementor-widget-container\">\n\t\t\t\t\t<div class=\"elementor-image-box-wrapper\"><figure class=\"elementor-image-box-img\"><img loading=\"lazy\" decoding=\"async\" width=\"800\" height=\"800\" src=\"https:\/\/africanescape.co.za\/wp-content\/uploads\/2023\/07\/Sun-City-Tour.jpg\" class=\"attachment-full size-full wp-image-916\" alt=\"\" srcset=\"https:\/\/africanescape.co.za\/wp-content\/uploads\/2023\/07\/Sun-City-Tour.jpg 800w, https:\/\/africanescape.co.za\/wp-content\/uploads\/2023\/07\/Sun-City-Tour-300x300.jpg 300w, https:\/\/africanescape.co.za\/wp-content\/uploads\/2023\/07\/Sun-City-Tour-150x150.jpg 150w, https:\/\/africanescape.co.za\/wp-content\/uploads\/2023\/07\/Sun-City-Tour-768x768.jpg 768w\" sizes=\"(max-width: 800px) 100vw, 800px\" \/><\/figure><div class=\"elementor-image-box-content\"><h3 class=\"elementor-image-box-title\"><span>Jour 5<\/span>Madikwe Game Reserve - Sun City<\/h3><p class=\"elementor-image-box-description\"><p>T\u00f4t le matin, Safari en 4x4 \u00e0 Madikwe puis transfert \u00e0 l'h\u00f4tel \u00e0 Sun City (+\/- 2h de route). Nuit au Sun City H\u00f4tel dans une chambre familiale.<\/p><\/p><\/div><\/div>\t\t\t\t<\/div>\n\t\t\t\t<\/div>\n\t\t\t\t<div class=\"elementor-element elementor-element-f934e47 elementor-position-left tour-day elementor-vertical-align-top elementor-widget elementor-widget-image-box\" data-id=\"f934e47\" data-element_type=\"widget\" data-widget_type=\"image-box.default\">\n\t\t\t\t<div class=\"elementor-widget-container\">\n\t\t\t\t\t<div class=\"elementor-image-box-wrapper\"><figure class=\"elementor-image-box-img\"><img loading=\"lazy\" decoding=\"async\" width=\"800\" height=\"800\" src=\"https:\/\/africanescape.co.za\/wp-content\/uploads\/2023\/07\/sun-city-sun-central-shopping.jpg\" class=\"attachment-full size-full wp-image-918\" alt=\"sun- city sun central shopping\" srcset=\"https:\/\/africanescape.co.za\/wp-content\/uploads\/2023\/07\/sun-city-sun-central-shopping.jpg 800w, https:\/\/africanescape.co.za\/wp-content\/uploads\/2023\/07\/sun-city-sun-central-shopping-300x300.jpg 300w, https:\/\/africanescape.co.za\/wp-content\/uploads\/2023\/07\/sun-city-sun-central-shopping-150x150.jpg 150w, https:\/\/africanescape.co.za\/wp-content\/uploads\/2023\/07\/sun-city-sun-central-shopping-768x768.jpg 768w\" sizes=\"(max-width: 800px) 100vw, 800px\" \/><\/figure><div class=\"elementor-image-box-content\"><h3 class=\"elementor-image-box-title\"><span>Day 6 &amp; 7<\/span>Sun City<\/h3><p class=\"elementor-image-box-description\"><p>Journ\u00e9es libres pour profiter des nombreuses activit\u00e9s et installations du resort (Montgolfi\u00e8re, Valley of the Waves, Le monde des papillons, Village culturel, Sports nautiques motoris\u00e9s, Golf, Spa, Vols en h\u00e9licopt\u00e8re, Equitation, Le club pour enfants, ferme de crocodiles , tyrolienne, Squash, tennis et volley-ball, Parapente).<\/p><\/p><\/div><\/div>\t\t\t\t<\/div>\n\t\t\t\t<\/div>\n\t\t\t\t<div class=\"elementor-element elementor-element-13108d5 elementor-position-left tour-day elementor-vertical-align-top elementor-widget elementor-widget-image-box\" data-id=\"13108d5\" data-element_type=\"widget\" data-widget_type=\"image-box.default\">\n\t\t\t\t<div class=\"elementor-widget-container\">\n\t\t\t\t\t<div class=\"elementor-image-box-wrapper\"><figure class=\"elementor-image-box-img\"><img loading=\"lazy\" decoding=\"async\" width=\"800\" height=\"800\" src=\"https:\/\/africanescape.co.za\/wp-content\/uploads\/2023\/07\/Apartheid-Museum.jpg\" class=\"attachment-full size-full wp-image-917\" alt=\"Apartheid Museum Tour\" srcset=\"https:\/\/africanescape.co.za\/wp-content\/uploads\/2023\/07\/Apartheid-Museum.jpg 800w, https:\/\/africanescape.co.za\/wp-content\/uploads\/2023\/07\/Apartheid-Museum-300x300.jpg 300w, https:\/\/africanescape.co.za\/wp-content\/uploads\/2023\/07\/Apartheid-Museum-150x150.jpg 150w, https:\/\/africanescape.co.za\/wp-content\/uploads\/2023\/07\/Apartheid-Museum-768x768.jpg 768w\" sizes=\"(max-width: 800px) 100vw, 800px\" \/><\/figure><div class=\"elementor-image-box-content\"><h3 class=\"elementor-image-box-title\"><span>Jour 8<\/span>Sun City - Johannesbourg \u2013 D\u00e9part<\/h3><p class=\"elementor-image-box-description\"><p>Matin\u00e9e libre et transfert \u00e0 l'a\u00e9roport de Johannesburg pour votre vol international.<\/p><\/p><\/div><\/div>\t\t\t\t<\/div>\n\t\t\t\t<\/div>\n\t\t\t\t\t<\/div>\n\t\t\t\t<\/div>\n\t\t\t\t<\/div>","protected":false},"excerpt":{"rendered":"<p>Ideal South African safari tour for kids. Family adventure 7 Nights This itinerary is ideal with young children, as the Madikwe reserve is malaria free and allows young children on game drives. The time spent on the road is also very limited so you can make the most out of your week. Explore Sun City [&hellip;]<\/p>","protected":false},"author":1,"featured_media":0,"parent":0,"menu_order":0,"comment_status":"closed","ping_status":"closed","template":"","meta":{"footnotes":""},"class_list":["post-374","page","type-page","status-publish","hentry"],"_links":{"self":[{"href":"https:\/\/africanescape.co.za\/fr\/wp-json\/wp\/v2\/pages\/374","targetHints":{"allow":["GET"]}}],"collection":[{"href":"https:\/\/africanescape.co.za\/fr\/wp-json\/wp\/v2\/pages"}],"about":[{"href":"https:\/\/africanescape.co.za\/fr\/wp-json\/wp\/v2\/types\/page"}],"author":[{"embeddable":true,"href":"https:\/\/africanescape.co.za\/fr\/wp-json\/wp\/v2\/users\/1"}],"replies":[{"embeddable":true,"href":"https:\/\/africanescape.co.za\/fr\/wp-json\/wp\/v2\/comments?post=374"}],"version-history":[{"count":0,"href":"https:\/\/africanescape.co.za\/fr\/wp-json\/wp\/v2\/pages\/374\/revisions"}],"wp:attachment":[{"href":"https:\/\/africanescape.co.za\/fr\/wp-json\/wp\/v2\/media?parent=374"}],"curies":[{"name":"wp","href":"https:\/\/api.w.org\/{rel}","templated":true}]}}