{"id":376,"date":"2023-07-10T09:51:04","date_gmt":"2023-07-10T07:51:04","guid":{"rendered":"https:\/\/africanescape.co.za\/?page_id=376"},"modified":"2023-08-23T12:07:01","modified_gmt":"2023-08-23T10:07:01","slug":"victoria-falls-botswana-tour","status":"publish","type":"page","link":"https:\/\/africanescape.co.za\/fr\/victoria-falls-botswana-tour\/","title":{"rendered":"Chutes Victoria et Botswana"},"content":{"rendered":"<div data-elementor-type=\"wp-page\" data-elementor-id=\"376\" class=\"elementor elementor-376\" data-elementor-post-type=\"page\">\n\t\t\t\t<div class=\"elementor-element elementor-element-1fa911c e-con-full e-flex e-con e-parent\" data-id=\"1fa911c\" data-element_type=\"container\" data-settings=\"{&quot;background_background&quot;:&quot;classic&quot;}\">\n\t\t\t\t<div class=\"elementor-element elementor-element-3ee4ff6 elementor-widget elementor-widget-heading\" data-id=\"3ee4ff6\" data-element_type=\"widget\" data-widget_type=\"heading.default\">\n\t\t\t\t<div class=\"elementor-widget-container\">\n\t\t\t\t\t<h4 class=\"elementor-heading-title elementor-size-default\">Extension Chutes Victoria et Botswana.<\/h4>\t\t\t\t<\/div>\n\t\t\t\t<\/div>\n\t\t\t\t<\/div>\n\t\t<div class=\"elementor-element elementor-element-88e961f e-flex e-con-boxed e-con e-parent\" data-id=\"88e961f\" data-element_type=\"container\">\n\t\t\t\t\t<div class=\"e-con-inner\">\n\t\t\t\t<div class=\"elementor-element elementor-element-5fb4bb3 elementor-widget elementor-widget-heading\" data-id=\"5fb4bb3\" data-element_type=\"widget\" data-widget_type=\"heading.default\">\n\t\t\t\t<div class=\"elementor-widget-container\">\n\t\t\t\t\t<h2 class=\"elementor-heading-title elementor-size-default\">L\u2019essence de l\u2019Afrique<\/h2>\t\t\t\t<\/div>\n\t\t\t\t<\/div>\n\t\t\t\t<div class=\"elementor-element elementor-element-1c8ce79 elementor-widget elementor-widget-heading\" data-id=\"1c8ce79\" data-element_type=\"widget\" data-widget_type=\"heading.default\">\n\t\t\t\t<div class=\"elementor-widget-container\">\n\t\t\t\t\t<h4 class=\"elementor-heading-title elementor-size-default\">3 Nuits<\/h4>\t\t\t\t<\/div>\n\t\t\t\t<\/div>\n\t\t\t\t<div class=\"elementor-element elementor-element-3bc2bcf elementor-widget elementor-widget-text-editor\" data-id=\"3bc2bcf\" data-element_type=\"widget\" data-widget_type=\"text-editor.default\">\n\t\t\t\t<div class=\"elementor-widget-container\">\n\t\t\t\t\t\t\t\t\t<p class=\"translation-block\">Terminez votre s\u00e9jour avec les incontournables <strong>Chutes Victoria<\/strong>, une merveille naturelle situ\u00e9e entre le <strong>Zimbabwe<\/strong> et la <strong> Zambie<\/strong>, et pourquoi ne pas faire une petite extension \u00e0 Chobe au <strong>Botswana<\/strong>, qui abrite certains des plus grands troupeaux d'\u00e9l\u00e9phants d'Afrique.<\/p>\t\t\t\t\t\t\t\t<\/div>\n\t\t\t\t<\/div>\n\t\t\t\t\t<\/div>\n\t\t\t\t<\/div>\n\t\t<div class=\"elementor-element elementor-element-6cd44f7 e-flex e-con-boxed e-con e-parent\" data-id=\"6cd44f7\" data-element_type=\"container\">\n\t\t\t\t\t<div class=\"e-con-inner\">\n\t\t<div class=\"elementor-element elementor-element-7729265 e-con-full e-flex e-con e-child\" data-id=\"7729265\" data-element_type=\"container\">\n\t\t\t\t<div class=\"elementor-element elementor-element-83ff2d9 elementor-widget elementor-widget-heading\" data-id=\"83ff2d9\" data-element_type=\"widget\" data-widget_type=\"heading.default\">\n\t\t\t\t<div class=\"elementor-widget-container\">\n\t\t\t\t\t<h3 class=\"elementor-heading-title elementor-size-default\">Lieux visit\u00e9s<\/h3>\t\t\t\t<\/div>\n\t\t\t\t<\/div>\n\t\t\t\t<div class=\"elementor-element elementor-element-baaca09 elementor-widget elementor-widget-shortcode\" data-id=\"baaca09\" data-element_type=\"widget\" data-widget_type=\"shortcode.default\">\n\t\t\t\t<div class=\"elementor-widget-container\">\n\t\t\t\t\t\t\t<div class=\"elementor-shortcode\"><\/div>\n\t\t\t\t\t\t<\/div>\n\t\t\t\t<\/div>\n\t\t\t\t<\/div>\n\t\t\t\t\t<\/div>\n\t\t\t\t<\/div>\n\t\t<div class=\"elementor-element elementor-element-f4ef2c9 e-flex e-con-boxed e-con e-parent\" data-id=\"f4ef2c9\" data-element_type=\"container\">\n\t\t\t\t\t<div class=\"e-con-inner\">\n\t\t\t\t<div class=\"elementor-element elementor-element-7be3e51 elementor-widget elementor-widget-heading\" data-id=\"7be3e51\" data-element_type=\"widget\" data-widget_type=\"heading.default\">\n\t\t\t\t<div class=\"elementor-widget-container\">\n\t\t\t\t\t<h2 class=\"elementor-heading-title elementor-size-default\">Itin\u00e9raire du Tour<\/h2>\t\t\t\t<\/div>\n\t\t\t\t<\/div>\n\t\t\t\t<div class=\"elementor-element elementor-element-ddb456a elementor-position-left tour-day elementor-vertical-align-top elementor-widget elementor-widget-image-box\" data-id=\"ddb456a\" data-element_type=\"widget\" data-widget_type=\"image-box.default\">\n\t\t\t\t<div class=\"elementor-widget-container\">\n\t\t\t\t\t<div class=\"elementor-image-box-wrapper\"><figure class=\"elementor-image-box-img\"><img fetchpriority=\"high\" decoding=\"async\" width=\"800\" height=\"800\" src=\"https:\/\/africanescape.co.za\/wp-content\/uploads\/2023\/07\/Johannesburg-Tour.jpg\" class=\"attachment-full size-full wp-image-915\" alt=\"Johannesburg Tour\" srcset=\"https:\/\/africanescape.co.za\/wp-content\/uploads\/2023\/07\/Johannesburg-Tour.jpg 800w, https:\/\/africanescape.co.za\/wp-content\/uploads\/2023\/07\/Johannesburg-Tour-300x300.jpg 300w, https:\/\/africanescape.co.za\/wp-content\/uploads\/2023\/07\/Johannesburg-Tour-150x150.jpg 150w, https:\/\/africanescape.co.za\/wp-content\/uploads\/2023\/07\/Johannesburg-Tour-768x768.jpg 768w\" sizes=\"(max-width: 800px) 100vw, 800px\" \/><\/figure><div class=\"elementor-image-box-content\"><h3 class=\"elementor-image-box-title\"><span>Jour 1<\/span>Johannesbourg \/ Chutes Victoria<\/h3><p class=\"elementor-image-box-description\"><p>Transfert \u00e0 l'a\u00e9roport de Johannesburg pour votre vol \u00e0 destination de Victoria Falls. Arriv\u00e9e \u00e0 l'a\u00e9roport VFA au Zimbabwe (ou Livingstone en Zambie) et transfert \u00e0 votre h\u00f4tel. Visite guid\u00e9e des Chutes - 1h30. Un rideau d'eau de 1,7 km tombe de 108 m \u00e0 son point le plus profond. Les points de vue sont parmi les plus spectaculaires du monde. La saison des hautes eaux est en Avril lorsque le d\u00e9bit de l'eau atteint 600 millions de m\u00e8tres cubes par minute! D\u00eener et nuit \u00e0 l'H\u00f4tel \u00e0 Victoria Falls.<\/p><\/p><\/div><\/div>\t\t\t\t<\/div>\n\t\t\t\t<\/div>\n\t\t\t\t<div class=\"elementor-element elementor-element-e3b47a8 elementor-position-left tour-day elementor-vertical-align-top elementor-widget elementor-widget-image-box\" data-id=\"e3b47a8\" data-element_type=\"widget\" data-widget_type=\"image-box.default\">\n\t\t\t\t<div class=\"elementor-widget-container\">\n\t\t\t\t\t<div class=\"elementor-image-box-wrapper\"><figure class=\"elementor-image-box-img\"><img decoding=\"async\" width=\"800\" height=\"800\" src=\"https:\/\/africanescape.co.za\/wp-content\/uploads\/2023\/07\/Mighty-Victoria-Falls-Tour.jpg\" class=\"attachment-full size-full wp-image-1018\" alt=\"Mighty Victoria Falls Tour\" srcset=\"https:\/\/africanescape.co.za\/wp-content\/uploads\/2023\/07\/Mighty-Victoria-Falls-Tour.jpg 800w, https:\/\/africanescape.co.za\/wp-content\/uploads\/2023\/07\/Mighty-Victoria-Falls-Tour-300x300.jpg 300w, https:\/\/africanescape.co.za\/wp-content\/uploads\/2023\/07\/Mighty-Victoria-Falls-Tour-150x150.jpg 150w, https:\/\/africanescape.co.za\/wp-content\/uploads\/2023\/07\/Mighty-Victoria-Falls-Tour-768x768.jpg 768w\" sizes=\"(max-width: 800px) 100vw, 800px\" \/><\/figure><div class=\"elementor-image-box-content\"><h3 class=\"elementor-image-box-title\"><span>Jour 2<\/span>Chutes Victoria<\/h3><p class=\"elementor-image-box-description\"><p>Matin\u00e9e libre, possibilit\u00e9 de faire un survol en h\u00e9licopt\u00e8re au dessus des chutes (12 mn) ou de faire une marche avec les Lionceaux (visite guid\u00e9e de 1 h). Dans l'apr\u00e8s-midi, embarquez pour une croisi\u00e8re coucher de soleil sur le fleuve Zamb\u00e8ze. Un moment de d\u00e9tente ultime o\u00f9 vous pourrez observer les oiseaux, crocodiles et des hippopotames qui viennent s'abreuver sur les rives du fleuve. Sur le chemin du retour, vous verrez le beau coucher de soleil. D\u00eener et nuit \u00e0 l'H\u00f4tel.<\/p><\/p><\/div><\/div>\t\t\t\t<\/div>\n\t\t\t\t<\/div>\n\t\t\t\t<div class=\"elementor-element elementor-element-9900fb4 elementor-position-left tour-day elementor-vertical-align-top elementor-widget elementor-widget-image-box\" data-id=\"9900fb4\" data-element_type=\"widget\" data-widget_type=\"image-box.default\">\n\t\t\t\t<div class=\"elementor-widget-container\">\n\t\t\t\t\t<div class=\"elementor-image-box-wrapper\"><figure class=\"elementor-image-box-img\"><img decoding=\"async\" width=\"800\" height=\"800\" src=\"https:\/\/africanescape.co.za\/wp-content\/uploads\/2023\/07\/swaziland-safari.jpg\" class=\"attachment-full size-full wp-image-1006\" alt=\"Swaziland Safari\" srcset=\"https:\/\/africanescape.co.za\/wp-content\/uploads\/2023\/07\/swaziland-safari.jpg 800w, https:\/\/africanescape.co.za\/wp-content\/uploads\/2023\/07\/swaziland-safari-300x300.jpg 300w, https:\/\/africanescape.co.za\/wp-content\/uploads\/2023\/07\/swaziland-safari-150x150.jpg 150w, https:\/\/africanescape.co.za\/wp-content\/uploads\/2023\/07\/swaziland-safari-768x768.jpg 768w\" sizes=\"(max-width: 800px) 100vw, 800px\" \/><\/figure><div class=\"elementor-image-box-content\"><h3 class=\"elementor-image-box-title\"><span>Jour 3<\/span>Victoria Falls - Chobe (Botswana)<\/h3><p class=\"elementor-image-box-description\"><p>Transfert par la route \u00e0 destination de Kasane au Botswana (2h) et arriv\u00e9e au Lodge dans le parc national de Chobe. D\u00e9jeuner et l'apr\u00e8s-midi, croisi\u00e8re-safari en bateau sur le fleuve Chobe pour d\u00e9couvrir la faune sauvage. D\u00eener et nuit au Lodge \u00e0 Chobe.<\/p><\/p><\/div><\/div>\t\t\t\t<\/div>\n\t\t\t\t<\/div>\n\t\t\t\t<div class=\"elementor-element elementor-element-96f61fd elementor-position-left tour-day elementor-vertical-align-top elementor-widget elementor-widget-image-box\" data-id=\"96f61fd\" data-element_type=\"widget\" data-widget_type=\"image-box.default\">\n\t\t\t\t<div class=\"elementor-widget-container\">\n\t\t\t\t\t<div class=\"elementor-image-box-wrapper\"><figure class=\"elementor-image-box-img\"><img loading=\"lazy\" decoding=\"async\" width=\"800\" height=\"800\" src=\"https:\/\/africanescape.co.za\/wp-content\/uploads\/2023\/07\/Apartheid-Museum.jpg\" class=\"attachment-full size-full wp-image-917\" alt=\"Apartheid Museum Tour\" srcset=\"https:\/\/africanescape.co.za\/wp-content\/uploads\/2023\/07\/Apartheid-Museum.jpg 800w, https:\/\/africanescape.co.za\/wp-content\/uploads\/2023\/07\/Apartheid-Museum-300x300.jpg 300w, https:\/\/africanescape.co.za\/wp-content\/uploads\/2023\/07\/Apartheid-Museum-150x150.jpg 150w, https:\/\/africanescape.co.za\/wp-content\/uploads\/2023\/07\/Apartheid-Museum-768x768.jpg 768w\" sizes=\"(max-width: 800px) 100vw, 800px\" \/><\/figure><div class=\"elementor-image-box-content\"><h3 class=\"elementor-image-box-title\"><span>Jour 4<\/span>Chobe - Johannesburg \u2013 D\u00e9part<\/h3><p class=\"elementor-image-box-description\"><p>Safari matinal en 4\u00d74 dans le parc de Chobe. Apr\u00e8s le petit d\u00e9jeuner, transfert \u00e0 l'a\u00e9roport de Kasane (ou Chutes Victoria) et vol pour Johannesburg.<\/p><\/p><\/div><\/div>\t\t\t\t<\/div>\n\t\t\t\t<\/div>\n\t\t\t\t\t<\/div>\n\t\t\t\t<\/div>\n\t\t\t\t<\/div>","protected":false},"excerpt":{"rendered":"<p>Extension tour to Victoria Falls and Botswana. Africa is waiting 3 Nights End your holiday with the must-see Victoria Falls, a natural wonder located between Zimbabwe and Zambia, and why not take a short trip into Chobe in Botswana, home to some of largest elephants herds. Locations Tour Itinerary Day 1Johannesburg \/ Victoria Falls Transfer [&hellip;]<\/p>","protected":false},"author":1,"featured_media":0,"parent":0,"menu_order":0,"comment_status":"closed","ping_status":"closed","template":"","meta":{"footnotes":""},"class_list":["post-376","page","type-page","status-publish","hentry"],"_links":{"self":[{"href":"https:\/\/africanescape.co.za\/fr\/wp-json\/wp\/v2\/pages\/376","targetHints":{"allow":["GET"]}}],"collection":[{"href":"https:\/\/africanescape.co.za\/fr\/wp-json\/wp\/v2\/pages"}],"about":[{"href":"https:\/\/africanescape.co.za\/fr\/wp-json\/wp\/v2\/types\/page"}],"author":[{"embeddable":true,"href":"https:\/\/africanescape.co.za\/fr\/wp-json\/wp\/v2\/users\/1"}],"replies":[{"embeddable":true,"href":"https:\/\/africanescape.co.za\/fr\/wp-json\/wp\/v2\/comments?post=376"}],"version-history":[{"count":0,"href":"https:\/\/africanescape.co.za\/fr\/wp-json\/wp\/v2\/pages\/376\/revisions"}],"wp:attachment":[{"href":"https:\/\/africanescape.co.za\/fr\/wp-json\/wp\/v2\/media?parent=376"}],"curies":[{"name":"wp","href":"https:\/\/api.w.org\/{rel}","templated":true}]}}