{"id":378,"date":"2023-07-10T09:51:34","date_gmt":"2023-07-10T07:51:34","guid":{"rendered":"https:\/\/africanescape.co.za\/?page_id=378"},"modified":"2023-08-23T13:32:04","modified_gmt":"2023-08-23T11:32:04","slug":"destination-sa","status":"publish","type":"page","link":"https:\/\/africanescape.co.za\/fr\/destination-sa\/","title":{"rendered":"Infos Afrique du Sud"},"content":{"rendered":"<div data-elementor-type=\"wp-page\" data-elementor-id=\"378\" class=\"elementor elementor-378\" data-elementor-post-type=\"page\">\n\t\t\t\t<div class=\"elementor-element elementor-element-6e68bf0 e-con-full e-flex e-con e-parent\" data-id=\"6e68bf0\" data-element_type=\"container\" data-settings=\"{&quot;background_background&quot;:&quot;classic&quot;}\">\n\t\t\t\t<div class=\"elementor-element elementor-element-da4905a elementor-widget elementor-widget-heading\" data-id=\"da4905a\" data-element_type=\"widget\" data-widget_type=\"heading.default\">\n\t\t\t\t<div class=\"elementor-widget-container\">\n\t\t\t\t\t<h4 class=\"elementor-heading-title elementor-size-default\">Explorez la grande diversit\u00e9 naturelle de l\u2019Afrique Australe!<\/h4>\t\t\t\t<\/div>\n\t\t\t\t<\/div>\n\t\t\t\t<\/div>\n\t\t<div class=\"elementor-element elementor-element-87f8d68 e-flex e-con-boxed e-con e-parent\" data-id=\"87f8d68\" data-element_type=\"container\">\n\t\t\t\t\t<div class=\"e-con-inner\">\n\t\t\t\t<div class=\"elementor-element elementor-element-726adce elementor-widget elementor-widget-heading\" data-id=\"726adce\" data-element_type=\"widget\" data-widget_type=\"heading.default\">\n\t\t\t\t<div class=\"elementor-widget-container\">\n\t\t\t\t\t<h2 class=\"elementor-heading-title elementor-size-default\">Moments magiques<\/h2>\t\t\t\t<\/div>\n\t\t\t\t<\/div>\n\t\t\t\t<div class=\"elementor-element elementor-element-274f9dd elementor-widget elementor-widget-text-editor\" data-id=\"274f9dd\" data-element_type=\"widget\" data-widget_type=\"text-editor.default\">\n\t\t\t\t<div class=\"elementor-widget-container\">\n\t\t\t\t\t\t\t\t\tNich\u00e9e \u00e0 la pointe australe de ce continent fascinant, ce coin du monde vous r\u00e9v\u00e8le un patchwork fait d\u2019aventures, de diversit\u00e9 et de paysages splendides qui vous envo\u00fbteront.\t\t\t\t\t\t\t\t<\/div>\n\t\t\t\t<\/div>\n\t\t\t\t\t<\/div>\n\t\t\t\t<\/div>\n\t\t<div class=\"elementor-element elementor-element-26a25292 e-flex e-con-boxed e-con e-parent\" data-id=\"26a25292\" data-element_type=\"container\" data-settings=\"{&quot;background_background&quot;:&quot;classic&quot;}\">\n\t\t\t\t\t<div class=\"e-con-inner\">\n\t\t\t\t<div class=\"elementor-element elementor-element-2f19229b elementor-view-stacked elementor-position-right elementor-mobile-position-left elementor-widget__width-initial elementor-widget-mobile__width-inherit elementor-shape-circle elementor-widget elementor-widget-icon-box\" data-id=\"2f19229b\" data-element_type=\"widget\" data-widget_type=\"icon-box.default\">\n\t\t\t\t<div class=\"elementor-widget-container\">\n\t\t\t\t\t\t\t<div class=\"elementor-icon-box-wrapper\">\n\n\t\t\t\t\t\t<div class=\"elementor-icon-box-icon\">\n\t\t\t\t<span  class=\"elementor-icon\">\n\t\t\t\t<svg xmlns=\"http:\/\/www.w3.org\/2000\/svg\" viewbox=\"0 0 640 512\"><path d=\"M560 160A80 80 0 1 0 560 0a80 80 0 1 0 0 160zM55.9 512H381.1h75H578.9c33.8 0 61.1-27.4 61.1-61.1c0-11.2-3.1-22.2-8.9-31.8l-132-216.3C495 196.1 487.8 192 480 192s-15 4.1-19.1 10.7l-48.2 79L286.8 81c-6.6-10.6-18.3-17-30.8-17s-24.1 6.4-30.8 17L8.6 426.4C3 435.3 0 445.6 0 456.1C0 487 25 512 55.9 512z\"><\/path><\/svg>\t\t\t\t<\/span>\n\t\t\t<\/div>\n\t\t\t\n\t\t\t\t\t\t<div class=\"elementor-icon-box-content\">\n\n\t\t\t\t\t\t\t\t\t<h4 class=\"elementor-icon-box-title\">\n\t\t\t\t\t\t<span  >\n\t\t\t\t\t\t\tBeaut\u00e9 des paysages\t\t\t\t\t\t<\/span>\n\t\t\t\t\t<\/h4>\n\t\t\t\t\n\t\t\t\t\t\t\t\t\t<p class=\"elementor-icon-box-description\">\n\t\t\t\t\t\tL\u2019Afrique du Sud est r\u00e9put\u00e9e pour ses paysages spectaculaires. De la Montagne de la Table \u00e0 la Fen\u00eatre de Dieu, nos montages, nos for\u00eats, nos c\u00f4tes et nos d\u00e9serts r\u00e9jouiront vos yeux et \u00e9l\u00e8veront votre \u00e2me\t\t\t\t\t<\/p>\n\t\t\t\t\n\t\t\t<\/div>\n\t\t\t\n\t\t<\/div>\n\t\t\t\t\t\t<\/div>\n\t\t\t\t<\/div>\n\t\t\t\t<div class=\"elementor-element elementor-element-6517f20a elementor-view-stacked elementor-position-left elementor-mobile-position-left elementor-widget__width-initial elementor-widget-mobile__width-inherit elementor-shape-circle elementor-widget elementor-widget-icon-box\" data-id=\"6517f20a\" data-element_type=\"widget\" data-widget_type=\"icon-box.default\">\n\t\t\t\t<div class=\"elementor-widget-container\">\n\t\t\t\t\t\t\t<div class=\"elementor-icon-box-wrapper\">\n\n\t\t\t\t\t\t<div class=\"elementor-icon-box-icon\">\n\t\t\t\t<span  class=\"elementor-icon\">\n\t\t\t\t<svg xmlns=\"http:\/\/www.w3.org\/2000\/svg\" viewbox=\"0 0 576 512\"><path d=\"M176 0H400c26.5 0 48.1 21.8 47.1 48.2c-.2 5.3-.4 10.6-.7 15.8H552c13.3 0 24 10.7 24 24c0 92.6-33.5 157-78.5 200.7c-44.3 43.1-98.3 64.8-138.2 75.8c-23.4 6.5-39.4 26-39.4 45.6c0 20.9 17 37.9 37.9 37.9H384c17.7 0 32 14.3 32 32s-14.3 32-32 32H192c-17.7 0-32-14.3-32-32s14.3-32 32-32h26.1c20.9 0 37.9-17 37.9-37.9c0-19.6-15.9-39.2-39.4-45.6c-39.9-11-93.9-32.7-138.1-75.8C33.5 245 0 180.6 0 88C0 74.7 10.7 64 24 64H129.6c-.3-5.2-.5-10.4-.7-15.8C127.9 21.8 149.5 0 176 0zM133.2 112H48.9c5.1 66.3 31.1 111.2 63 142.3c22.4 21.8 48.3 37.3 73.2 48.3c-22.7-40.3-42.8-100.5-51.9-190.6zM390.8 302.6c24.9-11 50.8-26.5 73.2-48.3c32-31.1 58-76 63-142.3H442.7c-9.1 90.1-29.2 150.3-51.9 190.6zM295.2 86.5c-2.9-5.9-11.4-5.9-14.3 0l-19.2 38.9c-1.2 2.4-3.4 4-6 4.4L212.7 136c-6.6 1-9.2 9-4.4 13.6l31 30.2c1.9 1.8 2.7 4.5 2.3 7.1l-7.3 42.7c-1.1 6.5 5.7 11.5 11.6 8.4L284.3 218c2.3-1.2 5.1-1.2 7.4 0l38.4 20.2c5.9 3.1 12.7-1.9 11.6-8.4L334.4 187c-.4-2.6 .4-5.2 2.3-7.1l31-30.2c4.7-4.6 2.1-12.7-4.4-13.6l-42.9-6.2c-2.6-.4-4.9-2-6-4.4L295.2 86.5z\"><\/path><\/svg>\t\t\t\t<\/span>\n\t\t\t<\/div>\n\t\t\t\n\t\t\t\t\t\t<div class=\"elementor-icon-box-content\">\n\n\t\t\t\t\t\t\t\t\t<h4 class=\"elementor-icon-box-title\">\n\t\t\t\t\t\t<span  >\n\t\t\t\t\t\t\t\u00c9tablissements de classe mondiale\t\t\t\t\t\t<\/span>\n\t\t\t\t\t<\/h4>\n\t\t\t\t\n\t\t\t\t\t\t\t\t\t<p class=\"elementor-icon-box-description\">\n\t\t\t\t\t\tQue vous optiez pour un s\u00e9jour afro-chic ou des vacances plus authentiques, vous n\u2019aurez aucun probl\u00e8me pour vous d\u00e9placer, trouver un \u00e9tablissement confortable, vous restaurer et vous connecter au monde entier.\t\t\t\t\t<\/p>\n\t\t\t\t\n\t\t\t<\/div>\n\t\t\t\n\t\t<\/div>\n\t\t\t\t\t\t<\/div>\n\t\t\t\t<\/div>\n\t\t\t\t<div class=\"elementor-element elementor-element-7f4ac6d4 elementor-view-stacked elementor-position-right elementor-mobile-position-left elementor-widget__width-initial elementor-widget-mobile__width-inherit elementor-shape-circle elementor-widget elementor-widget-icon-box\" data-id=\"7f4ac6d4\" data-element_type=\"widget\" data-widget_type=\"icon-box.default\">\n\t\t\t\t<div class=\"elementor-widget-container\">\n\t\t\t\t\t\t\t<div class=\"elementor-icon-box-wrapper\">\n\n\t\t\t\t\t\t<div class=\"elementor-icon-box-icon\">\n\t\t\t\t<span  class=\"elementor-icon\">\n\t\t\t\t<svg xmlns=\"http:\/\/www.w3.org\/2000\/svg\" viewbox=\"0 0 384 512\"><path d=\"M192 48a48 48 0 1 1 96 0 48 48 0 1 1 -96 0zm51.3 182.7L224.2 307l49.7 49.7c9 9 14.1 21.2 14.1 33.9V480c0 17.7-14.3 32-32 32s-32-14.3-32-32V397.3l-73.9-73.9c-15.8-15.8-22.2-38.6-16.9-60.3l20.4-84c8.3-34.1 42.7-54.9 76.7-46.4c19 4.8 35.6 16.4 46.4 32.7L305.1 208H336V184c0-13.3 10.7-24 24-24s24 10.7 24 24v55.8c0 .1 0 .2 0 .2s0 .2 0 .2V488c0 13.3-10.7 24-24 24s-24-10.7-24-24V272H296.6c-16 0-31-8-39.9-21.4l-13.3-20zM81.1 471.9L117.3 334c3 4.2 6.4 8.2 10.1 11.9l41.9 41.9L142.9 488.1c-4.5 17.1-22 27.3-39.1 22.8s-27.3-22-22.8-39.1zm55.5-346L101.4 266.5c-3 12.1-14.9 19.9-27.2 17.9l-47.9-8c-14-2.3-22.9-16.3-19.2-30L31.9 155c9.5-34.8 41.1-59 77.2-59h4.2c15.6 0 27.1 14.7 23.3 29.8z\"><\/path><\/svg>\t\t\t\t<\/span>\n\t\t\t<\/div>\n\t\t\t\n\t\t\t\t\t\t<div class=\"elementor-icon-box-content\">\n\n\t\t\t\t\t\t\t\t\t<h4 class=\"elementor-icon-box-title\">\n\t\t\t\t\t\t<span  >\n\t\t\t\t\t\t\tAventure\t\t\t\t\t\t<\/span>\n\t\t\t\t\t<\/h4>\n\t\t\t\t\n\t\t\t\t\t\t\t\t\t<p class=\"elementor-icon-box-description\">\n\t\t\t\t\t\tL\u2019Afrique du Sud est la capitale mondiale de l\u2019aventure. Des randonn\u00e9es en montagne \u00e0 la plong\u00e9e en cage au milieu des requins, le pays offre plus de 130 exp\u00e9riences. Vous y trouverez forc\u00e9ment votre bonheur!\t\t\t\t\t<\/p>\n\t\t\t\t\n\t\t\t<\/div>\n\t\t\t\n\t\t<\/div>\n\t\t\t\t\t\t<\/div>\n\t\t\t\t<\/div>\n\t\t\t\t<div class=\"elementor-element elementor-element-760919b8 elementor-view-stacked elementor-position-left elementor-mobile-position-left elementor-widget__width-initial elementor-widget-mobile__width-inherit elementor-shape-circle elementor-widget elementor-widget-icon-box\" data-id=\"760919b8\" data-element_type=\"widget\" data-widget_type=\"icon-box.default\">\n\t\t\t\t<div class=\"elementor-widget-container\">\n\t\t\t\t\t\t\t<div class=\"elementor-icon-box-wrapper\">\n\n\t\t\t\t\t\t<div class=\"elementor-icon-box-icon\">\n\t\t\t\t<span  class=\"elementor-icon\">\n\t\t\t\t<svg xmlns=\"http:\/\/www.w3.org\/2000\/svg\" viewbox=\"0 0 512 512\"><path d=\"M361.5 1.2c5 2.1 8.6 6.6 9.6 11.9L391 121l107.9 19.8c5.3 1 9.8 4.6 11.9 9.6s1.5 10.7-1.6 15.2L446.9 256l62.3 90.3c3.1 4.5 3.7 10.2 1.6 15.2s-6.6 8.6-11.9 9.6L391 391 371.1 498.9c-1 5.3-4.6 9.8-9.6 11.9s-10.7 1.5-15.2-1.6L256 446.9l-90.3 62.3c-4.5 3.1-10.2 3.7-15.2 1.6s-8.6-6.6-9.6-11.9L121 391 13.1 371.1c-5.3-1-9.8-4.6-11.9-9.6s-1.5-10.7 1.6-15.2L65.1 256 2.8 165.7c-3.1-4.5-3.7-10.2-1.6-15.2s6.6-8.6 11.9-9.6L121 121 140.9 13.1c1-5.3 4.6-9.8 9.6-11.9s10.7-1.5 15.2 1.6L256 65.1 346.3 2.8c4.5-3.1 10.2-3.7 15.2-1.6zM160 256a96 96 0 1 1 192 0 96 96 0 1 1 -192 0zm224 0a128 128 0 1 0 -256 0 128 128 0 1 0 256 0z\"><\/path><\/svg>\t\t\t\t<\/span>\n\t\t\t<\/div>\n\t\t\t\n\t\t\t\t\t\t<div class=\"elementor-icon-box-content\">\n\n\t\t\t\t\t\t\t\t\t<h4 class=\"elementor-icon-box-title\">\n\t\t\t\t\t\t<span  >\n\t\t\t\t\t\t\tTemps cl\u00e9ment\t\t\t\t\t\t<\/span>\n\t\t\t\t\t<\/h4>\n\t\t\t\t\n\t\t\t\t\t\t\t\t\t<p class=\"elementor-icon-box-description\">\n\t\t\t\t\t\tLes conditions climatiques exceptionnelles de l\u2019Afrique du Sud invitent \u00e0 la d\u00e9couverte des grands espaces et de pr\u00e8s de 3 000 km de c\u00f4tes, et \u00e0 la pratique du golf toute l\u2019ann\u00e9e.\t\t\t\t\t<\/p>\n\t\t\t\t\n\t\t\t<\/div>\n\t\t\t\n\t\t<\/div>\n\t\t\t\t\t\t<\/div>\n\t\t\t\t<\/div>\n\t\t\t\t<div class=\"elementor-element elementor-element-67e5f0e0 elementor-view-stacked elementor-position-right elementor-mobile-position-left elementor-widget__width-initial elementor-widget-mobile__width-inherit elementor-shape-circle elementor-widget elementor-widget-icon-box\" data-id=\"67e5f0e0\" data-element_type=\"widget\" data-widget_type=\"icon-box.default\">\n\t\t\t\t<div class=\"elementor-widget-container\">\n\t\t\t\t\t\t\t<div class=\"elementor-icon-box-wrapper\">\n\n\t\t\t\t\t\t<div class=\"elementor-icon-box-icon\">\n\t\t\t\t<span  class=\"elementor-icon\">\n\t\t\t\t<svg xmlns=\"http:\/\/www.w3.org\/2000\/svg\" viewbox=\"0 0 640 512\"><path d=\"M320 96C178.6 96 64 210.6 64 352v96c0 17.7-14.3 32-32 32s-32-14.3-32-32V352C0 175.3 143.3 32 320 32s320 143.3 320 320v96c0 17.7-14.3 32-32 32s-32-14.3-32-32V352C576 210.6 461.4 96 320 96zm0 192c-35.3 0-64 28.7-64 64v96c0 17.7-14.3 32-32 32s-32-14.3-32-32V352c0-70.7 57.3-128 128-128s128 57.3 128 128v96c0 17.7-14.3 32-32 32s-32-14.3-32-32V352c0-35.3-28.7-64-64-64zM160 352v96c0 17.7-14.3 32-32 32s-32-14.3-32-32V352c0-123.7 100.3-224 224-224s224 100.3 224 224v96c0 17.7-14.3 32-32 32s-32-14.3-32-32V352c0-88.4-71.6-160-160-160s-160 71.6-160 160z\"><\/path><\/svg>\t\t\t\t<\/span>\n\t\t\t<\/div>\n\t\t\t\n\t\t\t\t\t\t<div class=\"elementor-icon-box-content\">\n\n\t\t\t\t\t\t\t\t\t<h4 class=\"elementor-icon-box-title\">\n\t\t\t\t\t\t<span  >\n\t\t\t\t\t\t\tLa nation arc-en-ciel\t\t\t\t\t\t<\/span>\n\t\t\t\t\t<\/h4>\n\t\t\t\t\n\t\t\t\t\t\t\t\t\t<p class=\"elementor-icon-box-description\">\n\t\t\t\t\t\tLa nation arc-en-ciel c\u00e9l\u00e8bre toutes les cultures, africaines comme migrantes. Venez d\u00e9couvrir combien notre peuple est attachant et lancez-vous dans l\u2019une de nos 11 langues officielles!\t\t\t\t\t<\/p>\n\t\t\t\t\n\t\t\t<\/div>\n\t\t\t\n\t\t<\/div>\n\t\t\t\t\t\t<\/div>\n\t\t\t\t<\/div>\n\t\t\t\t<div class=\"elementor-element elementor-element-4a54075e elementor-view-stacked elementor-position-left elementor-mobile-position-left elementor-widget__width-initial elementor-widget-mobile__width-inherit elementor-shape-circle elementor-widget elementor-widget-icon-box\" data-id=\"4a54075e\" data-element_type=\"widget\" data-widget_type=\"icon-box.default\">\n\t\t\t\t<div class=\"elementor-widget-container\">\n\t\t\t\t\t\t\t<div class=\"elementor-icon-box-wrapper\">\n\n\t\t\t\t\t\t<div class=\"elementor-icon-box-icon\">\n\t\t\t\t<span  class=\"elementor-icon\">\n\t\t\t\t<svg xmlns=\"http:\/\/www.w3.org\/2000\/svg\" viewbox=\"0 0 512 512\"><path d=\"M0 256a256 256 0 1 1 512 0A256 256 0 1 1 0 256zm407.4 75.5c5-11.8-7-22.5-19.3-18.7c-39.7 12.2-84.5 19-131.8 19s-92.1-6.8-131.8-19c-12.3-3.8-24.3 6.9-19.3 18.7c25 59.1 83.2 100.5 151.1 100.5s126.2-41.4 151.1-100.5zM160 120c-3.1 0-5.9 1.8-7.2 4.6l-16.6 34.7-38.1 5c-3.1 .4-5.6 2.5-6.6 5.5s-.1 6.2 2.1 8.3l27.9 26.5-7 37.8c-.6 3 .7 6.1 3.2 7.9s5.8 2 8.5 .6L160 232.5l33.8 18.3c2.7 1.5 6 1.3 8.5-.6s3.7-4.9 3.2-7.9l-7-37.8L226.4 178c2.2-2.1 3.1-5.3 2.1-8.3s-3.5-5.1-6.6-5.5l-38.1-5-16.6-34.7c-1.3-2.8-4.1-4.6-7.2-4.6zm192 0c-3.1 0-5.9 1.8-7.2 4.6l-16.6 34.7-38.1 5c-3.1 .4-5.6 2.5-6.6 5.5s-.1 6.2 2.1 8.3l27.9 26.5-7 37.8c-.6 3 .7 6.1 3.2 7.9s5.8 2 8.5 .6L352 232.5l33.8 18.3c2.7 1.5 6 1.3 8.5-.6s3.7-4.9 3.2-7.9l-7-37.8L418.4 178c2.2-2.1 3.1-5.3 2.1-8.3s-3.5-5.1-6.6-5.5l-38.1-5-16.6-34.7c-1.3-2.8-4.1-4.6-7.2-4.6z\"><\/path><\/svg>\t\t\t\t<\/span>\n\t\t\t<\/div>\n\t\t\t\n\t\t\t\t\t\t<div class=\"elementor-icon-box-content\">\n\n\t\t\t\t\t\t\t\t\t<h4 class=\"elementor-icon-box-title\">\n\t\t\t\t\t\t<span  >\n\t\t\t\t\t\t\tDes exp\u00e9riences vari\u00e9es\t\t\t\t\t\t<\/span>\n\t\t\t\t\t<\/h4>\n\t\t\t\t\n\t\t\t\t\t\t\t\t\t<p class=\"elementor-icon-box-description\">\n\t\t\t\t\t\tVous pouvez vous rendre n\u2019importe o\u00f9 en Afrique du Sud et vivre une exp\u00e9rience unique faite de nature, de vie sauvage, de culture, d\u2019aventure, d\u2019h\u00e9ritage et de rythme. Vous n\u2019avez que l\u2019embarras du choix!\t\t\t\t\t<\/p>\n\t\t\t\t\n\t\t\t<\/div>\n\t\t\t\n\t\t<\/div>\n\t\t\t\t\t\t<\/div>\n\t\t\t\t<\/div>\n\t\t\t\t<div class=\"elementor-element elementor-element-60d3454 elementor-view-stacked elementor-position-right elementor-mobile-position-left elementor-widget__width-initial elementor-widget-mobile__width-inherit elementor-shape-circle elementor-widget elementor-widget-icon-box\" data-id=\"60d3454\" data-element_type=\"widget\" data-widget_type=\"icon-box.default\">\n\t\t\t\t<div class=\"elementor-widget-container\">\n\t\t\t\t\t\t\t<div class=\"elementor-icon-box-wrapper\">\n\n\t\t\t\t\t\t<div class=\"elementor-icon-box-icon\">\n\t\t\t\t<span  class=\"elementor-icon\">\n\t\t\t\t<svg xmlns=\"http:\/\/www.w3.org\/2000\/svg\" viewbox=\"0 0 640 512\"><path d=\"M407 47c9.4-9.4 24.6-9.4 33.9 0l17.2 17.2c1.9-.1 3.9-.2 5.8-.2h32c11.2 0 21.9 2.3 31.6 6.5L543 55c9.4-9.4 24.6-9.4 33.9 0s9.4 24.6 0 33.9L564 101.9c7.6 12.2 12 26.7 12 42.1c0 10.2 7.4 18.8 16.7 23c27.9 12.5 47.3 40.5 47.3 73c0 26.2-12.6 49.4-32 64v32c0 8.8-7.2 16-16 16H560c-8.8 0-16-7.2-16-16V320H480v16c0 8.8-7.2 16-16 16H432c-8.8 0-16-7.2-16-16V318.4c-11.8-2.4-22.7-7.4-32-14.4c-1.5-1.1-2.9-2.3-4.3-3.5c-17-14.7-27.7-36.4-27.7-60.5c0-8.8-7.2-16-16-16s-16 7.2-16 16c0 44.7 26.2 83.2 64 101.2V352c0 17.7 14.3 32 32 32h32v64c0 17.7-14.3 32-32 32H352c-17.7 0-32-14.3-32-32V372c-19.8 7.7-41.4 12-64 12s-44.2-4.3-64-12v76c0 17.7-14.3 32-32 32H96c-17.7 0-32-14.3-32-32V329.1L45.9 369.7c-5.4 12.1-19.6 17.6-31.7 12.2S-3.3 362.4 2.1 350.3L24 300.9c5.3-11.9 8-24.7 8-37.7C32 155.7 117.2 68 223.8 64.1l.2-.1h7.2H256h32c41.7 0 83.4 12.1 117.2 25.7c1.7-1.8 3.5-3.6 5.3-5.2L407 81c-9.4-9.4-9.4-24.6 0-33.9zm73 185a24 24 0 1 0 -48 0 24 24 0 1 0 48 0zm88 24a24 24 0 1 0 0-48 24 24 0 1 0 0 48zM480 144a16 16 0 1 0 -32 0 16 16 0 1 0 32 0zm48 16a16 16 0 1 0 0-32 16 16 0 1 0 0 32z\"><\/path><\/svg>\t\t\t\t<\/span>\n\t\t\t<\/div>\n\t\t\t\n\t\t\t\t\t\t<div class=\"elementor-icon-box-content\">\n\n\t\t\t\t\t\t\t\t\t<h4 class=\"elementor-icon-box-title\">\n\t\t\t\t\t\t<span  >\n\t\t\t\t\t\t\tVie sauvage\t\t\t\t\t\t<\/span>\n\t\t\t\t\t<\/h4>\n\t\t\t\t\n\t\t\t\t\t\t\t\t\t<p class=\"elementor-icon-box-description\">\n\t\t\t\t\t\tAttention ! L\u2019observation de la vie sauvage peut cr\u00e9er une d\u00e9pendance. Vous commencez par les Big Five puis, sans vous en rendre compte, ce seront les baleines, les pingouins, les suricates, les chiens sauvages, les oiseaux, les bousiers.\t\t\t\t\t<\/p>\n\t\t\t\t\n\t\t\t<\/div>\n\t\t\t\n\t\t<\/div>\n\t\t\t\t\t\t<\/div>\n\t\t\t\t<\/div>\n\t\t\t\t<div class=\"elementor-element elementor-element-0449aed elementor-view-stacked elementor-position-left elementor-mobile-position-left elementor-widget__width-initial elementor-widget-mobile__width-inherit elementor-shape-circle elementor-widget elementor-widget-icon-box\" data-id=\"0449aed\" data-element_type=\"widget\" data-widget_type=\"icon-box.default\">\n\t\t\t\t<div class=\"elementor-widget-container\">\n\t\t\t\t\t\t\t<div class=\"elementor-icon-box-wrapper\">\n\n\t\t\t\t\t\t<div class=\"elementor-icon-box-icon\">\n\t\t\t\t<span  class=\"elementor-icon\">\n\t\t\t\t<svg xmlns=\"http:\/\/www.w3.org\/2000\/svg\" viewbox=\"0 0 576 512\"><path d=\"M0 112.5V422.3c0 18 10.1 35 27 41.3c87 32.5 174 10.3 261-11.9c79.8-20.3 159.6-40.7 239.3-18.9c23 6.3 48.7-9.5 48.7-33.4V89.7c0-18-10.1-35-27-41.3C462 15.9 375 38.1 288 60.3C208.2 80.6 128.4 100.9 48.7 79.1C25.6 72.8 0 88.6 0 112.5zM288 352c-44.2 0-80-43-80-96s35.8-96 80-96s80 43 80 96s-35.8 96-80 96zM64 352c35.3 0 64 28.7 64 64H64V352zm64-208c0 35.3-28.7 64-64 64V144h64zM512 304v64H448c0-35.3 28.7-64 64-64zM448 96h64v64c-35.3 0-64-28.7-64-64z\"><\/path><\/svg>\t\t\t\t<\/span>\n\t\t\t<\/div>\n\t\t\t\n\t\t\t\t\t\t<div class=\"elementor-icon-box-content\">\n\n\t\t\t\t\t\t\t\t\t<h4 class=\"elementor-icon-box-title\">\n\t\t\t\t\t\t<span  >\n\t\t\t\t\t\t\tAccessible\t\t\t\t\t\t<\/span>\n\t\t\t\t\t<\/h4>\n\t\t\t\t\n\t\t\t\t\t\t\t\t\t<p class=\"elementor-icon-box-description\">\n\t\t\t\t\t\tEn ces temps difficiles, qui n\u2019est pas \u00e0 la recherche d\u2019une destination de vacances offrant un budget raisonnable? En Afrique du Sud, vous pourrez m\u00eame opter pour le luxe et vous permettre de d\u00e9penser votre argent en s\u00e9ances de shopping et autres petits plaisirs!\t\t\t\t\t<\/p>\n\t\t\t\t\n\t\t\t<\/div>\n\t\t\t\n\t\t<\/div>\n\t\t\t\t\t\t<\/div>\n\t\t\t\t<\/div>\n\t\t\t\t<div class=\"elementor-element elementor-element-31d0789 elementor-view-stacked elementor-position-right elementor-mobile-position-left elementor-widget__width-initial elementor-widget-mobile__width-inherit elementor-shape-circle elementor-widget elementor-widget-icon-box\" data-id=\"31d0789\" data-element_type=\"widget\" data-widget_type=\"icon-box.default\">\n\t\t\t\t<div class=\"elementor-widget-container\">\n\t\t\t\t\t\t\t<div class=\"elementor-icon-box-wrapper\">\n\n\t\t\t\t\t\t<div class=\"elementor-icon-box-icon\">\n\t\t\t\t<span  class=\"elementor-icon\">\n\t\t\t\t<svg xmlns=\"http:\/\/www.w3.org\/2000\/svg\" viewbox=\"0 0 640 512\"><path d=\"M544 248v3.3l69.7-69.7c21.9-21.9 21.9-57.3 0-79.2L535.6 24.4c-21.9-21.9-57.3-21.9-79.2 0L416.3 64.5c-2.7-.3-5.5-.5-8.3-.5H296c-37.1 0-67.6 28-71.6 64H224V248c0 22.1 17.9 40 40 40s40-17.9 40-40V176c0 0 0-.1 0-.1V160l16 0 136 0c0 0 0 0 .1 0H464c44.2 0 80 35.8 80 80v8zM336 192v56c0 39.8-32.2 72-72 72s-72-32.2-72-72V129.4c-35.9 6.2-65.8 32.3-76 68.2L99.5 255.2 26.3 328.4c-21.9 21.9-21.9 57.3 0 79.2l78.1 78.1c21.9 21.9 57.3 21.9 79.2 0l37.7-37.7c.9 0 1.8 .1 2.7 .1H384c26.5 0 48-21.5 48-48c0-5.6-1-11-2.7-16H432c26.5 0 48-21.5 48-48c0-12.8-5-24.4-13.2-33c25.7-5 45.1-27.6 45.2-54.8v-.4c-.1-30.8-25.1-55.8-56-55.8c0 0 0 0 0 0l-120 0z\"><\/path><\/svg>\t\t\t\t<\/span>\n\t\t\t<\/div>\n\t\t\t\n\t\t\t\t\t\t<div class=\"elementor-icon-box-content\">\n\n\t\t\t\t\t\t\t\t\t<h4 class=\"elementor-icon-box-title\">\n\t\t\t\t\t\t<span  >\n\t\t\t\t\t\t\tLa lutte pour la libert\u00e9\t\t\t\t\t\t<\/span>\n\t\t\t\t\t<\/h4>\n\t\t\t\t\n\t\t\t\t\t\t\t\t\t<p class=\"elementor-icon-box-description\">\n\t\t\t\t\t\tD\u00e9couvrez la lutte de notre nation pour la libert\u00e9, en partant sur les traces de Mandela, d\u2019Hector Pieterson et de nombreux autres r\u00e9volutionnaires c\u00e9l\u00e8bres. L\u2019\u00e9motion et l\u2019inspiration seront au rendez-vous.\t\t\t\t\t<\/p>\n\t\t\t\t\n\t\t\t<\/div>\n\t\t\t\n\t\t<\/div>\n\t\t\t\t\t\t<\/div>\n\t\t\t\t<\/div>\n\t\t\t\t<div class=\"elementor-element elementor-element-f6d24b5 elementor-view-stacked elementor-position-left elementor-mobile-position-left elementor-widget__width-initial elementor-widget-mobile__width-inherit elementor-shape-circle elementor-widget elementor-widget-icon-box\" data-id=\"f6d24b5\" data-element_type=\"widget\" data-widget_type=\"icon-box.default\">\n\t\t\t\t<div class=\"elementor-widget-container\">\n\t\t\t\t\t\t\t<div class=\"elementor-icon-box-wrapper\">\n\n\t\t\t\t\t\t<div class=\"elementor-icon-box-icon\">\n\t\t\t\t<span  class=\"elementor-icon\">\n\t\t\t\t<svg xmlns=\"http:\/\/www.w3.org\/2000\/svg\" viewbox=\"0 0 512 512\"><path d=\"M174.7 45.1C192.2 17 223 0 256 0s63.8 17 81.3 45.1l38.6 61.7 27-15.6c8.4-4.9 18.9-4.2 26.6 1.7s11.1 15.9 8.6 25.3l-23.4 87.4c-3.4 12.8-16.6 20.4-29.4 17l-87.4-23.4c-9.4-2.5-16.3-10.4-17.6-20s3.4-19.1 11.8-23.9l28.4-16.4L283 79c-5.8-9.3-16-15-27-15s-21.2 5.7-27 15l-17.5 28c-9.2 14.8-28.6 19.5-43.6 10.5c-15.3-9.2-20.2-29.2-10.7-44.4l17.5-28zM429.5 251.9c15-9 34.4-4.3 43.6 10.5l24.4 39.1c9.4 15.1 14.4 32.4 14.6 50.2c.3 53.1-42.7 96.4-95.8 96.4L320 448v32c0 9.7-5.8 18.5-14.8 22.2s-19.3 1.7-26.2-5.2l-64-64c-9.4-9.4-9.4-24.6 0-33.9l64-64c6.9-6.9 17.2-8.9 26.2-5.2s14.8 12.5 14.8 22.2v32l96.2 0c17.6 0 31.9-14.4 31.8-32c0-5.9-1.7-11.7-4.8-16.7l-24.4-39.1c-9.5-15.2-4.7-35.2 10.7-44.4zm-364.6-31L36 204.2c-8.4-4.9-13.1-14.3-11.8-23.9s8.2-17.5 17.6-20l87.4-23.4c12.8-3.4 26 4.2 29.4 17L182 241.2c2.5 9.4-.9 19.3-8.6 25.3s-18.2 6.6-26.6 1.7l-26.5-15.3L68.8 335.3c-3.1 5-4.8 10.8-4.8 16.7c-.1 17.6 14.2 32 31.8 32l32.2 0c17.7 0 32 14.3 32 32s-14.3 32-32 32l-32.2 0C42.7 448-.3 404.8 0 351.6c.1-17.8 5.1-35.1 14.6-50.2l50.3-80.5z\"><\/path><\/svg>\t\t\t\t<\/span>\n\t\t\t<\/div>\n\t\t\t\n\t\t\t\t\t\t<div class=\"elementor-icon-box-content\">\n\n\t\t\t\t\t\t\t\t\t<h4 class=\"elementor-icon-box-title\">\n\t\t\t\t\t\t<span  >\n\t\t\t\t\t\t\tTourisme responsable\t\t\t\t\t\t<\/span>\n\t\t\t\t\t<\/h4>\n\t\t\t\t\n\t\t\t\t\t\t\t\t\t<p class=\"elementor-icon-box-description\">\n\t\t\t\t\t\tEn Afrique du Sud, vous pourrez voyager \u00e9colo tout en explorant des zones prot\u00e9g\u00e9es, en contribuant \u00e0 des projets sociaux et de conservation, en achetant des \u0153uvres d\u2019art recycl\u00e9es et en respectant l\u2019environnement.\t\t\t\t\t<\/p>\n\t\t\t\t\n\t\t\t<\/div>\n\t\t\t\n\t\t<\/div>\n\t\t\t\t\t\t<\/div>\n\t\t\t\t<\/div>\n\t\t\t\t\t<\/div>\n\t\t\t\t<\/div>\n\t\t\t\t<\/div>","protected":false},"excerpt":{"rendered":"<p>Explore the diverse natural beauty of Southern Africa! Magical moments Nestled at the southernmost tip of the mesmerizing continent, this region unveils a tapestry of adventure, diversity, and natural wonders that will leave you spellbound. Natural beauty South Africa\u2019s scenic wonders are legendary. From Table Mountain to God\u2019s Window, our mountains, forests, coasts and deserts [&hellip;]<\/p>","protected":false},"author":1,"featured_media":0,"parent":0,"menu_order":0,"comment_status":"closed","ping_status":"closed","template":"","meta":{"footnotes":""},"class_list":["post-378","page","type-page","status-publish","hentry"],"_links":{"self":[{"href":"https:\/\/africanescape.co.za\/fr\/wp-json\/wp\/v2\/pages\/378","targetHints":{"allow":["GET"]}}],"collection":[{"href":"https:\/\/africanescape.co.za\/fr\/wp-json\/wp\/v2\/pages"}],"about":[{"href":"https:\/\/africanescape.co.za\/fr\/wp-json\/wp\/v2\/types\/page"}],"author":[{"embeddable":true,"href":"https:\/\/africanescape.co.za\/fr\/wp-json\/wp\/v2\/users\/1"}],"replies":[{"embeddable":true,"href":"https:\/\/africanescape.co.za\/fr\/wp-json\/wp\/v2\/comments?post=378"}],"version-history":[{"count":1,"href":"https:\/\/africanescape.co.za\/fr\/wp-json\/wp\/v2\/pages\/378\/revisions"}],"predecessor-version":[{"id":1428,"href":"https:\/\/africanescape.co.za\/fr\/wp-json\/wp\/v2\/pages\/378\/revisions\/1428"}],"wp:attachment":[{"href":"https:\/\/africanescape.co.za\/fr\/wp-json\/wp\/v2\/media?parent=378"}],"curies":[{"name":"wp","href":"https:\/\/api.w.org\/{rel}","templated":true}]}}