{"id":380,"date":"2023-07-10T09:52:37","date_gmt":"2023-07-10T07:52:37","guid":{"rendered":"https:\/\/africanescape.co.za\/?page_id=380"},"modified":"2023-08-23T12:05:23","modified_gmt":"2023-08-23T10:05:23","slug":"useful-info","status":"publish","type":"page","link":"https:\/\/africanescape.co.za\/fr\/useful-info\/","title":{"rendered":"Infos pratiques"},"content":{"rendered":"<div data-elementor-type=\"wp-page\" data-elementor-id=\"380\" class=\"elementor elementor-380\" data-elementor-post-type=\"page\">\n\t\t\t\t<div class=\"elementor-element elementor-element-8adc061 e-con-full e-flex e-con e-parent\" data-id=\"8adc061\" data-element_type=\"container\" data-settings=\"{&quot;background_background&quot;:&quot;classic&quot;}\">\n\t\t\t\t<div class=\"elementor-element elementor-element-af6f297 elementor-widget elementor-widget-heading\" data-id=\"af6f297\" data-element_type=\"widget\" data-widget_type=\"heading.default\">\n\t\t\t\t<div class=\"elementor-widget-container\">\n\t\t\t\t\t<h4 class=\"elementor-heading-title elementor-size-default\">pour votre visite en Afrique du Sud.<\/h4>\t\t\t\t<\/div>\n\t\t\t\t<\/div>\n\t\t\t\t<\/div>\n\t\t<div class=\"elementor-element elementor-element-e76c8d8 e-flex e-con-boxed e-con e-parent\" data-id=\"e76c8d8\" data-element_type=\"container\">\n\t\t\t\t\t<div class=\"e-con-inner\">\n\t\t\t\t<div class=\"elementor-element elementor-element-bfb79c9 elementor-widget elementor-widget-heading\" data-id=\"bfb79c9\" data-element_type=\"widget\" data-widget_type=\"heading.default\">\n\t\t\t\t<div class=\"elementor-widget-container\">\n\t\t\t\t\t<h2 class=\"elementor-heading-title elementor-size-default\">G\u00e9ographie<\/h2>\t\t\t\t<\/div>\n\t\t\t\t<\/div>\n\t\t\t\t<div class=\"elementor-element elementor-element-c39fde7 elementor-widget elementor-widget-text-editor\" data-id=\"c39fde7\" data-element_type=\"widget\" data-widget_type=\"text-editor.default\">\n\t\t\t\t<div class=\"elementor-widget-container\">\n\t\t\t\t\t\t\t\t\tSitu\u00e9e \u00e0 la pointe Sud du Continent Africain, l\u2019Afrique du Sud s\u2019\u00e9tend sur 1 233 404 km\u00b2 bord\u00e9s sur 3 c\u00f4t\u00e9s par 3000km de C\u00f4te (Oc\u00e9ans Indien et Atlantique). Ses fronti\u00e8res sont communes avec la Namibie, le Botswana, le Zimbabwe et le Mozambique. 2 petites enclaves ind\u00e9pendantes se trouvent dans le pays: le Lesotho et le Swaziland.\t\t\t\t\t\t\t\t<\/div>\n\t\t\t\t<\/div>\n\t\t\t\t<div class=\"elementor-element elementor-element-e35f720 elementor-widget elementor-widget-heading\" data-id=\"e35f720\" data-element_type=\"widget\" data-widget_type=\"heading.default\">\n\t\t\t\t<div class=\"elementor-widget-container\">\n\t\t\t\t\t<h2 class=\"elementor-heading-title elementor-size-default\">Capitales<\/h2>\t\t\t\t<\/div>\n\t\t\t\t<\/div>\n\t\t\t\t<div class=\"elementor-element elementor-element-fce0724 elementor-widget elementor-widget-text-editor\" data-id=\"fce0724\" data-element_type=\"widget\" data-widget_type=\"text-editor.default\">\n\t\t\t\t<div class=\"elementor-widget-container\">\n\t\t\t\t\t\t\t\t\tL\u2019Afrique du Sud a 3 capitales: Cape Town (L\u00e9gislative), Pr\u00e9toria (Administrative) et Bloemfontein (Judiciaire).\t\t\t\t\t\t\t\t<\/div>\n\t\t\t\t<\/div>\n\t\t\t\t<div class=\"elementor-element elementor-element-c59470f elementor-widget elementor-widget-heading\" data-id=\"c59470f\" data-element_type=\"widget\" data-widget_type=\"heading.default\">\n\t\t\t\t<div class=\"elementor-widget-container\">\n\t\t\t\t\t<h2 class=\"elementor-heading-title elementor-size-default\">Syst\u00e8me Politique<\/h2>\t\t\t\t<\/div>\n\t\t\t\t<\/div>\n\t\t\t\t<div class=\"elementor-element elementor-element-b5907b1 elementor-widget elementor-widget-text-editor\" data-id=\"b5907b1\" data-element_type=\"widget\" data-widget_type=\"text-editor.default\">\n\t\t\t\t<div class=\"elementor-widget-container\">\n\t\t\t\t\t\t\t\t\tLe Gouvernement est D\u00e9mocratique depuis 1994, date de la fin du r\u00e9gime de l\u2019Apartheid. La constitution y est consid\u00e9r\u00e9e comme exemplaire de par le monde, et comprend un large scope des Droits de l\u2019Homme, prot\u00e9g\u00e9s par un pouvoir judiciaire ind\u00e9pendant. Le pays est dirig\u00e9 par le Pr\u00e9sident Jacob Zuma, du parti ANC (African National Congress).\t\t\t\t\t\t\t\t<\/div>\n\t\t\t\t<\/div>\n\t\t\t\t<div class=\"elementor-element elementor-element-d9a1647 elementor-widget elementor-widget-heading\" data-id=\"d9a1647\" data-element_type=\"widget\" data-widget_type=\"heading.default\">\n\t\t\t\t<div class=\"elementor-widget-container\">\n\t\t\t\t\t<h2 class=\"elementor-heading-title elementor-size-default\">\u00c9conomie<\/h2>\t\t\t\t<\/div>\n\t\t\t\t<\/div>\n\t\t\t\t<div class=\"elementor-element elementor-element-f22c107 elementor-widget elementor-widget-text-editor\" data-id=\"f22c107\" data-element_type=\"widget\" data-widget_type=\"text-editor.default\">\n\t\t\t\t<div class=\"elementor-widget-container\">\n\t\t\t\t\t\t\t\t\tL\u2019Afrique du Sud connait une croissance \u00e9conomique soutenue de son PNB depuis la fin des ann\u00e9es 90. Le pays, consid\u00e9r\u00e9 comme un march\u00e9 \u00e9mergent, poss\u00e8de un secteur financier bien d\u00e9velopp\u00e9 et une Bourse active. Les politiques financi\u00e8res ont \u00e9t\u00e9 centr\u00e9es sur la cr\u00e9ation de solides structures macro-\u00e9conomiques. La banque centrale est la Reserve Bank.\t\t\t\t\t\t\t\t<\/div>\n\t\t\t\t<\/div>\n\t\t\t\t<div class=\"elementor-element elementor-element-ecca14e elementor-widget elementor-widget-heading\" data-id=\"ecca14e\" data-element_type=\"widget\" data-widget_type=\"heading.default\">\n\t\t\t\t<div class=\"elementor-widget-container\">\n\t\t\t\t\t<h2 class=\"elementor-heading-title elementor-size-default\">Tourisme<\/h2>\t\t\t\t<\/div>\n\t\t\t\t<\/div>\n\t\t\t\t<div class=\"elementor-element elementor-element-fff3150 elementor-widget elementor-widget-text-editor\" data-id=\"fff3150\" data-element_type=\"widget\" data-widget_type=\"text-editor.default\">\n\t\t\t\t<div class=\"elementor-widget-container\">\n\t\t\t\t\t\t\t\t\t<p>Depuis la fin de l\u2019apartheid, les visiteurs internationaux se multiplient et le tourisme est l\u2019un des secteurs les plus dynamiques. L\u2019industrie touristique est bien \u00e9tablie et de nombreux entrepreneurs y prennent part. le pays est dynamique sur les voyages centr\u00e9s sur l\u2019aventure, le sport, la nature et vie sauvage, et est pionnier et l\u2019un des leaders mondiaux du tourisme responsable.<\/p>\t\t\t\t\t\t\t\t<\/div>\n\t\t\t\t<\/div>\n\t\t\t\t<div class=\"elementor-element elementor-element-55c27e7 elementor-widget elementor-widget-heading\" data-id=\"55c27e7\" data-element_type=\"widget\" data-widget_type=\"heading.default\">\n\t\t\t\t<div class=\"elementor-widget-container\">\n\t\t\t\t\t<h2 class=\"elementor-heading-title elementor-size-default\">Population<\/h2>\t\t\t\t<\/div>\n\t\t\t\t<\/div>\n\t\t\t\t<div class=\"elementor-element elementor-element-59b7ba3 elementor-widget elementor-widget-text-editor\" data-id=\"59b7ba3\" data-element_type=\"widget\" data-widget_type=\"text-editor.default\">\n\t\t\t\t<div class=\"elementor-widget-container\">\n\t\t\t\t\t\t\t\t\tLa population est de plus de 49millions et extr\u00eamement diverse. Les Africains sont majoritaires, approx. 80%, suivis par les populations blanches, approx. 4,4m; les m\u00e9tis sont environ 4,2 million et les Indiens\/Asiatiques approx. 1,2m.\t\t\t\t\t\t\t\t<\/div>\n\t\t\t\t<\/div>\n\t\t\t\t<div class=\"elementor-element elementor-element-2506142 elementor-widget elementor-widget-heading\" data-id=\"2506142\" data-element_type=\"widget\" data-widget_type=\"heading.default\">\n\t\t\t\t<div class=\"elementor-widget-container\">\n\t\t\t\t\t<h2 class=\"elementor-heading-title elementor-size-default\">Monnaie et banque<\/h2>\t\t\t\t<\/div>\n\t\t\t\t<\/div>\n\t\t\t\t<div class=\"elementor-element elementor-element-6940d1b elementor-widget elementor-widget-text-editor\" data-id=\"6940d1b\" data-element_type=\"widget\" data-widget_type=\"text-editor.default\">\n\t\t\t\t<div class=\"elementor-widget-container\">\n\t\t\t\t\t\t\t\t\t<p>La Monnaie est le Rand, qui permet un excellent rapport qualit\u00e9\/prix pour les touristes vs l \u2018Euro ou le Dollar $, disponible en billets et pi\u00e8ces. Des distributeurs de billets sont disponibles partout en zone urbaine et les cartes de cr\u00e9dit sont accept\u00e9es partout. Des bureaux de change sont disponibles dans les a\u00e9roports et dans les grandes villes. Le site www.xe.com donne une indication pr\u00e9cise du taux de change moyen en temps r\u00e9el.<\/p>\t\t\t\t\t\t\t\t<\/div>\n\t\t\t\t<\/div>\n\t\t\t\t<div class=\"elementor-element elementor-element-312ceef elementor-widget elementor-widget-heading\" data-id=\"312ceef\" data-element_type=\"widget\" data-widget_type=\"heading.default\">\n\t\t\t\t<div class=\"elementor-widget-container\">\n\t\t\t\t\t<h2 class=\"elementor-heading-title elementor-size-default\">Climat<\/h2>\t\t\t\t<\/div>\n\t\t\t\t<\/div>\n\t\t\t\t<div class=\"elementor-element elementor-element-efb6b9f elementor-widget elementor-widget-text-editor\" data-id=\"efb6b9f\" data-element_type=\"widget\" data-widget_type=\"text-editor.default\">\n\t\t\t\t<div class=\"elementor-widget-container\">\n\t\t\t\t\t\t\t\t\tLe climat est temp\u00e9r\u00e9 les journ\u00e9e ensoleill\u00e9es sont nombreuses et longues. La plupart des provinces connaissent des averses l\u2019\u00e9t\u00e9, sauf le Western Cape (en hiver). L\u2019hiver est de Mai \u00e0 Ao\u00fbt, le printemps de Septembre \u00e0 October; l\u2019Et\u00e9 de Novembre \u00e0 F\u00e9vrier et l\u2019Automne de Mars \u00e0 Avril.\t\t\t\t\t\t\t\t<\/div>\n\t\t\t\t<\/div>\n\t\t\t\t<div class=\"elementor-element elementor-element-8b78759 elementor-widget elementor-widget-heading\" data-id=\"8b78759\" data-element_type=\"widget\" data-widget_type=\"heading.default\">\n\t\t\t\t<div class=\"elementor-widget-container\">\n\t\t\t\t\t<h2 class=\"elementor-heading-title elementor-size-default\">Communications<\/h2>\t\t\t\t<\/div>\n\t\t\t\t<\/div>\n\t\t\t\t<div class=\"elementor-element elementor-element-80866ad elementor-widget elementor-widget-text-editor\" data-id=\"80866ad\" data-element_type=\"widget\" data-widget_type=\"text-editor.default\">\n\t\t\t\t<div class=\"elementor-widget-container\">\n\t\t\t\t\t\t\t\t\t<p>L\u2019Afrique du Sud propose un r\u00e9seau de communications exceptionnellement bien d\u00e9velopp\u00e9. Plusieurs op\u00e9rateurs proposent un r\u00e9seau mobile national. Internet et le Wi-Fi sont disponibles dans toutes les zones urbaines.<\/p>\t\t\t\t\t\t\t\t<\/div>\n\t\t\t\t<\/div>\n\t\t\t\t<div class=\"elementor-element elementor-element-0e7db83 elementor-widget elementor-widget-heading\" data-id=\"0e7db83\" data-element_type=\"widget\" data-widget_type=\"heading.default\">\n\t\t\t\t<div class=\"elementor-widget-container\">\n\t\t\t\t\t<h2 class=\"elementor-heading-title elementor-size-default\">Provinces<\/h2>\t\t\t\t<\/div>\n\t\t\t\t<\/div>\n\t\t\t\t<div class=\"elementor-element elementor-element-71c1c81 elementor-widget elementor-widget-text-editor\" data-id=\"71c1c81\" data-element_type=\"widget\" data-widget_type=\"text-editor.default\">\n\t\t\t\t<div class=\"elementor-widget-container\">\n\t\t\t\t\t\t\t\t\tIl y a 9 provinces en Afrique du Sud: le Eastern Cape (Cap Oriental), Free State, Western Cape (Cap Occidental), KwaZulu-Natal; Gauteng, North West, Northern Cape, Limpopo et Mpumalanga.\t\t\t\t\t\t\t\t<\/div>\n\t\t\t\t<\/div>\n\t\t\t\t<div class=\"elementor-element elementor-element-ed20bce elementor-widget elementor-widget-heading\" data-id=\"ed20bce\" data-element_type=\"widget\" data-widget_type=\"heading.default\">\n\t\t\t\t<div class=\"elementor-widget-container\">\n\t\t\t\t\t<h2 class=\"elementor-heading-title elementor-size-default\">Symboles Nationaux<\/h2>\t\t\t\t<\/div>\n\t\t\t\t<\/div>\n\t\t\t\t<div class=\"elementor-element elementor-element-675d019 elementor-widget elementor-widget-text-editor\" data-id=\"675d019\" data-element_type=\"widget\" data-widget_type=\"text-editor.default\">\n\t\t\t\t<div class=\"elementor-widget-container\">\n\t\t\t\t\t\t\t\t\t<p>Le drapeau Sud-Africain est un des symboles les plus populaires du patriotisme et d\u2019autres embl\u00e8mes sont: l\u2019Oiseau national: Blue crane (la Grue Bleue); l\u2019Animal national: le Springbok; le Poisson national : le Galjoen; la Fleur nationale: le Protea et l\u2019Arbre national: le Yellowwood (Podocarpus).<\/p>\t\t\t\t\t\t\t\t<\/div>\n\t\t\t\t<\/div>\n\t\t\t\t<div class=\"elementor-element elementor-element-71d8f06 elementor-widget elementor-widget-heading\" data-id=\"71d8f06\" data-element_type=\"widget\" data-widget_type=\"heading.default\">\n\t\t\t\t<div class=\"elementor-widget-container\">\n\t\t\t\t\t<h2 class=\"elementor-heading-title elementor-size-default\">Langues<\/h2>\t\t\t\t<\/div>\n\t\t\t\t<\/div>\n\t\t\t\t<div class=\"elementor-element elementor-element-3695211 elementor-widget elementor-widget-text-editor\" data-id=\"3695211\" data-element_type=\"widget\" data-widget_type=\"text-editor.default\">\n\t\t\t\t<div class=\"elementor-widget-container\">\n\t\t\t\t\t\t\t\t\tLe pays a 11 langues officielles incluant l\u2019Anglais, l\u2019 Afrikaans, le isiNdebele, l\u2019isiXhosa, l\u2019isiZulu, le Sepedi, le Sesotho, le Setswana, le Siswati, le Tshivenda et le Xitsonga.L\u2019hymne national compos\u00e9 par Enoch Sontonga en 1899 est l\u2019hymne Xhosa \u2018Nkosi Sikelel\u2019 iAfrika.\t\t\t\t\t\t\t\t<\/div>\n\t\t\t\t<\/div>\n\t\t\t\t<div class=\"elementor-element elementor-element-99c9259 elementor-widget elementor-widget-heading\" data-id=\"99c9259\" data-element_type=\"widget\" data-widget_type=\"heading.default\">\n\t\t\t\t<div class=\"elementor-widget-container\">\n\t\t\t\t\t<h2 class=\"elementor-heading-title elementor-size-default\">Religions<\/h2>\t\t\t\t<\/div>\n\t\t\t\t<\/div>\n\t\t\t\t<div class=\"elementor-element elementor-element-e1e5bac elementor-widget elementor-widget-text-editor\" data-id=\"e1e5bac\" data-element_type=\"widget\" data-widget_type=\"text-editor.default\">\n\t\t\t\t<div class=\"elementor-widget-container\">\n\t\t\t\t\t\t\t\t\t<p>Environ 80% de la population est Chr\u00e9tienne.Les autres groupes religieux sont: Hindous, Musulmans, Juifs et Bouddhistes. Une minorit\u00e9 n\u2019appartient \u00e0 aucune religion. La Constitution garantit la libert\u00e9 de culte.<\/p>\t\t\t\t\t\t\t\t<\/div>\n\t\t\t\t<\/div>\n\t\t\t\t<div class=\"elementor-element elementor-element-816796a elementor-widget elementor-widget-heading\" data-id=\"816796a\" data-element_type=\"widget\" data-widget_type=\"heading.default\">\n\t\t\t\t<div class=\"elementor-widget-container\">\n\t\t\t\t\t<h2 class=\"elementor-heading-title elementor-size-default\">Eau potable<\/h2>\t\t\t\t<\/div>\n\t\t\t\t<\/div>\n\t\t\t\t<div class=\"elementor-element elementor-element-c3fd69d elementor-widget elementor-widget-text-editor\" data-id=\"c3fd69d\" data-element_type=\"widget\" data-widget_type=\"text-editor.default\">\n\t\t\t\t<div class=\"elementor-widget-container\">\n\t\t\t\t\t\t\t\t\tL\u2019Eau du robinet est potable partout, cependant, assurez vous d\u2019emporter de l\u2019eau en bouteille lorsque vous visitez des r\u00e9gions tr\u00e8s rurales et en brousse.\t\t\t\t\t\t\t\t<\/div>\n\t\t\t\t<\/div>\n\t\t\t\t<div class=\"elementor-element elementor-element-803ebfe elementor-widget elementor-widget-heading\" data-id=\"803ebfe\" data-element_type=\"widget\" data-widget_type=\"heading.default\">\n\t\t\t\t<div class=\"elementor-widget-container\">\n\t\t\t\t\t<h2 class=\"elementor-heading-title elementor-size-default\">Animals &amp; Plants<\/h2>\t\t\t\t<\/div>\n\t\t\t\t<\/div>\n\t\t\t\t<div class=\"elementor-element elementor-element-81eb52b elementor-widget elementor-widget-text-editor\" data-id=\"81eb52b\" data-element_type=\"widget\" data-widget_type=\"text-editor.default\">\n\t\t\t\t<div class=\"elementor-widget-container\">\n\t\t\t\t\t\t\t\t\t<p>L\u2019Afrique du Sud est l\u2019une des 18 destinations d\u00e9clar\u00e9es \u2018m\u00e9gadiverses\u2019. En tant que pionnier et leader du tourisme responsable, de nombreux projets de conservation de l\u2019h\u00e9ritage naturel existent et les voyageurs peuvent y contribuer. Le pays abrite les fameux \u2018Big Five\u2019 (rhino, \u00e9l\u00e9phant, lion, l\u00e9opard et buffle).<\/p>\t\t\t\t\t\t\t\t<\/div>\n\t\t\t\t<\/div>\n\t\t\t\t<div class=\"elementor-element elementor-element-11905d1 elementor-widget elementor-widget-heading\" data-id=\"11905d1\" data-element_type=\"widget\" data-widget_type=\"heading.default\">\n\t\t\t\t<div class=\"elementor-widget-container\">\n\t\t\t\t\t<h2 class=\"elementor-heading-title elementor-size-default\">Electricit\u00e9<\/h2>\t\t\t\t<\/div>\n\t\t\t\t<\/div>\n\t\t\t\t<div class=\"elementor-element elementor-element-de167ee elementor-widget elementor-widget-text-editor\" data-id=\"de167ee\" data-element_type=\"widget\" data-widget_type=\"text-editor.default\">\n\t\t\t\t<div class=\"elementor-widget-container\">\n\t\t\t\t\t\t\t\t\tL\u2019alimentation est en 220\/230 volts AC 50 HZ et disponible partout sauf dans les contr\u00e9es rurales les plus recul\u00e9es. Des adaptateurs sont disponibles aux h\u00f4tels ou s\u2019ach\u00e8tent sur place.\t\t\t\t\t\t\t\t<\/div>\n\t\t\t\t<\/div>\n\t\t\t\t<div class=\"elementor-element elementor-element-0298480 elementor-widget elementor-widget-heading\" data-id=\"0298480\" data-element_type=\"widget\" data-widget_type=\"heading.default\">\n\t\t\t\t<div class=\"elementor-widget-container\">\n\t\t\t\t\t<h2 class=\"elementor-heading-title elementor-size-default\">A\u00e9roports<\/h2>\t\t\t\t<\/div>\n\t\t\t\t<\/div>\n\t\t\t\t<div class=\"elementor-element elementor-element-f9dcf2a elementor-widget elementor-widget-text-editor\" data-id=\"f9dcf2a\" data-element_type=\"widget\" data-widget_type=\"text-editor.default\">\n\t\t\t\t<div class=\"elementor-widget-container\">\n\t\t\t\t\t\t\t\t\tLes 3 principaux a\u00e9roports sont: OR Tambo International (Johannesbourg), Cape Town International et King Shaka International (Durban) ainsi que 90 a\u00e9roports r\u00e9gionaux y compris le Kruger Mpumalanga International Airport (KMIA) \u00e0 Nelspruit.\n\nHeure: L\u2019Afrique du Sud est \u00e0 GMT + 2\t\t\t\t\t\t\t\t<\/div>\n\t\t\t\t<\/div>\n\t\t\t\t<div class=\"elementor-element elementor-element-587e580 elementor-widget elementor-widget-heading\" data-id=\"587e580\" data-element_type=\"widget\" data-widget_type=\"heading.default\">\n\t\t\t\t<div class=\"elementor-widget-container\">\n\t\t\t\t\t<h2 class=\"elementor-heading-title elementor-size-default\">Travel by Road &amp; Rail<\/h2>\t\t\t\t<\/div>\n\t\t\t\t<\/div>\n\t\t\t\t<div class=\"elementor-element elementor-element-e99bd8b elementor-widget elementor-widget-text-editor\" data-id=\"e99bd8b\" data-element_type=\"widget\" data-widget_type=\"text-editor.default\">\n\t\t\t\t<div class=\"elementor-widget-container\">\n\t\t\t\t\t\t\t\t\t<p>L\u2019infrastructure routi\u00e8re est tr\u00e8s \u00e9tendue, comprenant des autoroutes et routes nationales. La limite de vitesse est de 120 km\/h sur autoroute, 100 km\/h sur nationale et 60 km\/h en zone urbaine. Le Train n\u2019est pas recommand\u00e9 comme moyen de transport, sauf les Trains de Luxe tels que le Rovos ou le Blue Train, et le Shongololo Express. Pensez \u00e0 faire \u00e9tablie votre permis de conduire International avant le d\u00e9part. L\u2019essence co\u00fbte environ 13 Rands le litre.<\/p>\t\t\t\t\t\t\t\t<\/div>\n\t\t\t\t<\/div>\n\t\t\t\t<div class=\"elementor-element elementor-element-1b833c0 elementor-widget elementor-widget-heading\" data-id=\"1b833c0\" data-element_type=\"widget\" data-widget_type=\"heading.default\">\n\t\t\t\t<div class=\"elementor-widget-container\">\n\t\t\t\t\t<h2 class=\"elementor-heading-title elementor-size-default\">Visas<\/h2>\t\t\t\t<\/div>\n\t\t\t\t<\/div>\n\t\t\t\t<div class=\"elementor-element elementor-element-b7779be elementor-widget elementor-widget-text-editor\" data-id=\"b7779be\" data-element_type=\"widget\" data-widget_type=\"text-editor.default\">\n\t\t\t\t<div class=\"elementor-widget-container\">\n\t\t\t\t\t\t\t\t\t<p>Les ressortissants Fran\u00e7ais se voient d\u00e9livrer un Visa de touriste valable 90 jours \u00e0 l\u2019arriv\u00e9e dans le pays. Un passeport valable 6 mois apr\u00e8s la date de retour et avec minimum 2 pages vierges est demand\u00e9.\nPour savoir plus, merci de se renseigner aupr\u00e8s de:\nAMBASSADE et CONSULAT D\u2019AFRIQUE DU SUD SOUTH AFRICAN TOURISM\n59 Quai d\u2019Orsay 61, rue La Bo\u00e9tie\n75343 PARIS \u2013 Cedex 07 75008 PARIS\nT\u00e9l : 01 53 59 23 23 Fax : 01 53 59 23 33 T\u00e9l : 01 45 61 64 44.\n\n<h5>Sant\u00e9 et S\u00e9curit\u00e9<\/h5>\nL\u2019Afrique du Sud est r\u00e9put\u00e9e pour sa m\u00e9decine depuis la premi\u00e8re transplantation cardiaque faite par le Pr Chirstiaan Barnard en 1967. De nombreux h\u00f4pitaux priv\u00e9s et centres m\u00e9dicaux de classe internationale sont disponibles dans la pays, en particulier dans les zones urbaines. La plupart de l\u2019Afrique du Sud est sans paludisme mais certaines R\u00e9serves priv\u00e9es et Parc animaliers, en particulier au Nord du Parc Kruger, sont dans des zones \u00e0 risque. Consultez votre m\u00e9decin pour la prophylaxie antipalud\u00e9enne la mieux appropri\u00e9e.\nPour votre s\u00e9curit\u00e9 personnelle, il est conseill\u00e9 d\u2019appliquer les mesures de pr\u00e9cautions propres \u00e0 tout voyage : ne pas laisser d\u2019objets de valeur visibles dans les voitures, ne pas porter de bijoux trop ostentatoires, fermer son sac \u00e0 main dans en ville, ne pas se promener seul la nuit etc etc\u2026\n\n<h5>Pourboires<\/h5>\nDans les restaurants, le service n\u2019est g\u00e9n\u00e9ralement pas compris dans la note. Un pourboire de 10% minimum est d\u2019usage.\nQuant aux bagagistes aux a\u00e9roports et h\u00f4tels, il est d\u2019usage de leur donner 10 Rands par pi\u00e8ce de bagage. Un pourboire pour les Rangers dans les R\u00e9serves animali\u00e8res est recommand\u00e9, \u00e0 titre indicatif R30 par personne et par safari.<\/p>\t\t\t\t\t\t\t\t<\/div>\n\t\t\t\t<\/div>\n\t\t\t\t<div class=\"elementor-element elementor-element-f0cf7d3 elementor-widget elementor-widget-heading\" data-id=\"f0cf7d3\" data-element_type=\"widget\" data-widget_type=\"heading.default\">\n\t\t\t\t<div class=\"elementor-widget-container\">\n\t\t\t\t\t<h2 class=\"elementor-heading-title elementor-size-default\">Health &amp; Safety<\/h2>\t\t\t\t<\/div>\n\t\t\t\t<\/div>\n\t\t\t\t<div class=\"elementor-element elementor-element-ac1fecc elementor-widget elementor-widget-text-editor\" data-id=\"ac1fecc\" data-element_type=\"widget\" data-widget_type=\"text-editor.default\">\n\t\t\t\t<div class=\"elementor-widget-container\">\n\t\t\t\t\t\t\t\t\t<p>Il est conseill\u00e9 de viser au pratique, au l\u00e9ger, au minimum d\u2019encombrement. Attention, les couleurs vives sont d\u00e9conseill\u00e9es dans les parcs et r\u00e9serves. Pr\u00e9voir une petite laine pour les matin\u00e9es et soir\u00e9es en \u00e9t\u00e9 (octobre \u00e0 mai) et un pull plus \u00e9pais et une veste en hiver (juin \u00e0 septembre). N\u2019oubliez surtout pas votre maillot de bain, la majorit\u00e9 des h\u00f4tels et guest houses poss\u00e8dent une piscine. Emporter aussi une bonne protection solaire et casquette\/chapeau, le soleil pouvant \u00eatre assez fort dans toutes les r\u00e9gions. Les jumelles sont conseill\u00e9es si vous allez en safari et bien s\u00fbr votre appareil photo.\nOn trouve facilement des pharmacies\/drugstores o\u00f9 la petite pharmacie et affaires de toilette sont en vente libre. Si vous allez dans les Parcs et R\u00e9serves, emportez aussi un anti-moustique et une cr\u00e8me \u00e0 la cortisone en cas de piq\u00fbre incommodante.\n\nEnfin n\u2019oubliez pas de contracter une assurance voyage (annulation et rapatriement) ainsi que de prendre les mesures n\u00e9cessaires aupr\u00e8s de la s\u00e9curit\u00e9 socile pour \u00eatre couvert en cas d\u2019urgence m\u00e9dicale.<\/p><p>Remember to bring a high SPF sunblock, a cap\/hat, some mosquito repellent if you travel to the game reserves, and a cortisone cream for annoying insect bites. Drugstores (Clicks, Dischem..) are available in most towns, where you will find all OTC and toiletries needed.<\/p>\t\t\t\t\t\t\t\t<\/div>\n\t\t\t\t<\/div>\n\t\t\t\t\t<\/div>\n\t\t\t\t<\/div>\n\t\t\t\t<\/div>","protected":false},"excerpt":{"rendered":"<p>when visiting South Africa. Geography Situated at the southern tip of Africa, South Africa has a landmass of 1 233 404 km\u00b2 edged on 3 sides by a nearly 3000km coastline washed by the Indian Ocean and the Atlantic. It is bordered in the north by Namibia, Botswana, Zimbabwe and Mozambique, and also wraps itself [&hellip;]<\/p>","protected":false},"author":1,"featured_media":0,"parent":0,"menu_order":0,"comment_status":"closed","ping_status":"closed","template":"","meta":{"footnotes":""},"class_list":["post-380","page","type-page","status-publish","hentry"],"_links":{"self":[{"href":"https:\/\/africanescape.co.za\/fr\/wp-json\/wp\/v2\/pages\/380","targetHints":{"allow":["GET"]}}],"collection":[{"href":"https:\/\/africanescape.co.za\/fr\/wp-json\/wp\/v2\/pages"}],"about":[{"href":"https:\/\/africanescape.co.za\/fr\/wp-json\/wp\/v2\/types\/page"}],"author":[{"embeddable":true,"href":"https:\/\/africanescape.co.za\/fr\/wp-json\/wp\/v2\/users\/1"}],"replies":[{"embeddable":true,"href":"https:\/\/africanescape.co.za\/fr\/wp-json\/wp\/v2\/comments?post=380"}],"version-history":[{"count":0,"href":"https:\/\/africanescape.co.za\/fr\/wp-json\/wp\/v2\/pages\/380\/revisions"}],"wp:attachment":[{"href":"https:\/\/africanescape.co.za\/fr\/wp-json\/wp\/v2\/media?parent=380"}],"curies":[{"name":"wp","href":"https:\/\/api.w.org\/{rel}","templated":true}]}}