{"id":392,"date":"2023-07-10T09:55:48","date_gmt":"2023-07-10T07:55:48","guid":{"rendered":"https:\/\/africanescape.co.za\/?page_id=392"},"modified":"2023-08-23T12:00:27","modified_gmt":"2023-08-23T10:00:27","slug":"romantic-beach-safari-tour","status":"publish","type":"page","link":"https:\/\/africanescape.co.za\/fr\/romantic-beach-safari-tour\/","title":{"rendered":"Escapade Romantique Safari et Plage"},"content":{"rendered":"<div data-elementor-type=\"wp-page\" data-elementor-id=\"392\" class=\"elementor elementor-392\" data-elementor-post-type=\"page\">\n\t\t\t\t<div class=\"elementor-element elementor-element-f954428 e-con-full e-flex e-con e-parent\" data-id=\"f954428\" data-element_type=\"container\" data-settings=\"{&quot;background_background&quot;:&quot;classic&quot;}\">\n\t\t\t\t<div class=\"elementor-element elementor-element-9bc8e3d elementor-widget elementor-widget-heading\" data-id=\"9bc8e3d\" data-element_type=\"widget\" data-widget_type=\"heading.default\">\n\t\t\t\t<div class=\"elementor-widget-container\">\n\t\t\t\t\t<h4 class=\"elementor-heading-title elementor-size-default\">Guided tour to the Kruger National Park &amp; bazaruto.<\/h4>\t\t\t\t<\/div>\n\t\t\t\t<\/div>\n\t\t\t\t<\/div>\n\t\t<div class=\"elementor-element elementor-element-e2a9e29 e-flex e-con-boxed e-con e-parent\" data-id=\"e2a9e29\" data-element_type=\"container\">\n\t\t\t\t\t<div class=\"e-con-inner\">\n\t\t\t\t<div class=\"elementor-element elementor-element-75778ec elementor-widget elementor-widget-heading\" data-id=\"75778ec\" data-element_type=\"widget\" data-widget_type=\"heading.default\">\n\t\t\t\t<div class=\"elementor-widget-container\">\n\t\t\t\t\t<h2 class=\"elementor-heading-title elementor-size-default\">Wild &amp;free<\/h2>\t\t\t\t<\/div>\n\t\t\t\t<\/div>\n\t\t\t\t<div class=\"elementor-element elementor-element-3534e34 elementor-widget elementor-widget-heading\" data-id=\"3534e34\" data-element_type=\"widget\" data-widget_type=\"heading.default\">\n\t\t\t\t<div class=\"elementor-widget-container\">\n\t\t\t\t\t<h4 class=\"elementor-heading-title elementor-size-default\">8 Nuits<\/h4>\t\t\t\t<\/div>\n\t\t\t\t<\/div>\n\t\t\t\t<div class=\"elementor-element elementor-element-081d229 elementor-widget elementor-widget-text-editor\" data-id=\"081d229\" data-element_type=\"widget\" data-widget_type=\"text-editor.default\">\n\t\t\t\t<div class=\"elementor-widget-container\">\n\t\t\t\t\t\t\t\t\t<p class=\"translation-block\">Les splendeurs de 2 pays se r\u00e9v\u00e8lent \u00e0 vous en un seul voyage, explorez votre c\u00f4t\u00e9 sauvage avec ce tour qui combine la beaut\u00e9 brute du Bush Africain du <strong>Parc National Kruger<\/strong> et les plages \u00e0 couper le souffle de l\u2019archipel de <strong>Bazaruto<\/strong> au Mozambique.<\/p><p>Une escapade pour explorer la savane intacte et se relaxer dans les eaux chaudes de l\u2019Oc\u00e9an Indien. La parfaite aventure Plage et Safari.<\/p>\t\t\t\t\t\t\t\t<\/div>\n\t\t\t\t<\/div>\n\t\t\t\t\t<\/div>\n\t\t\t\t<\/div>\n\t\t<div class=\"elementor-element elementor-element-04e7963 e-flex e-con-boxed e-con e-parent\" data-id=\"04e7963\" data-element_type=\"container\">\n\t\t\t\t\t<div class=\"e-con-inner\">\n\t\t<div class=\"elementor-element elementor-element-a1ec71b e-con-full e-flex e-con e-child\" data-id=\"a1ec71b\" data-element_type=\"container\">\n\t\t\t\t<div class=\"elementor-element elementor-element-4eb72fd elementor-widget elementor-widget-heading\" data-id=\"4eb72fd\" data-element_type=\"widget\" data-widget_type=\"heading.default\">\n\t\t\t\t<div class=\"elementor-widget-container\">\n\t\t\t\t\t<h3 class=\"elementor-heading-title elementor-size-default\">Points Forts<\/h3>\t\t\t\t<\/div>\n\t\t\t\t<\/div>\n\t\t\t\t<div class=\"elementor-element elementor-element-270c419 elementor-icon-list--layout-traditional elementor-list-item-link-full_width elementor-widget elementor-widget-icon-list\" data-id=\"270c419\" data-element_type=\"widget\" data-widget_type=\"icon-list.default\">\n\t\t\t\t<div class=\"elementor-widget-container\">\n\t\t\t\t\t\t\t<ul class=\"elementor-icon-list-items\">\n\t\t\t\t\t\t\t<li class=\"elementor-icon-list-item\">\n\t\t\t\t\t\t\t\t\t\t\t<span class=\"elementor-icon-list-icon\">\n\t\t\t\t\t\t\t<svg xmlns=\"http:\/\/www.w3.org\/2000\/svg\" viewbox=\"0 0 512 512\"><path d=\"M256 512A256 256 0 1 0 256 0a256 256 0 1 0 0 512z\"><\/path><\/svg>\t\t\t\t\t\t<\/span>\n\t\t\t\t\t\t\t\t\t\t<span class=\"elementor-icon-list-text\">Transferts priv\u00e9s tout au long du tour<\/span>\n\t\t\t\t\t\t\t\t\t<\/li>\n\t\t\t\t\t\t\t\t<li class=\"elementor-icon-list-item\">\n\t\t\t\t\t\t\t\t\t\t\t<span class=\"elementor-icon-list-icon\">\n\t\t\t\t\t\t\t<svg xmlns=\"http:\/\/www.w3.org\/2000\/svg\" viewbox=\"0 0 512 512\"><path d=\"M256 512A256 256 0 1 0 256 0a256 256 0 1 0 0 512z\"><\/path><\/svg>\t\t\t\t\t\t<\/span>\n\t\t\t\t\t\t\t\t\t\t<span class=\"elementor-icon-list-text\">La R\u00e9serve priv\u00e9e de Sabi Sands<\/span>\n\t\t\t\t\t\t\t\t\t<\/li>\n\t\t\t\t\t\t\t\t<li class=\"elementor-icon-list-item\">\n\t\t\t\t\t\t\t\t\t\t\t<span class=\"elementor-icon-list-icon\">\n\t\t\t\t\t\t\t<svg xmlns=\"http:\/\/www.w3.org\/2000\/svg\" viewbox=\"0 0 512 512\"><path d=\"M256 512A256 256 0 1 0 256 0a256 256 0 1 0 0 512z\"><\/path><\/svg>\t\t\t\t\t\t<\/span>\n\t\t\t\t\t\t\t\t\t\t<span class=\"elementor-icon-list-text\">Safaris \u2018Big 5\u2019<\/span>\n\t\t\t\t\t\t\t\t\t<\/li>\n\t\t\t\t\t\t\t\t<li class=\"elementor-icon-list-item\">\n\t\t\t\t\t\t\t\t\t\t\t<span class=\"elementor-icon-list-icon\">\n\t\t\t\t\t\t\t<svg xmlns=\"http:\/\/www.w3.org\/2000\/svg\" viewbox=\"0 0 512 512\"><path d=\"M256 512A256 256 0 1 0 256 0a256 256 0 1 0 0 512z\"><\/path><\/svg>\t\t\t\t\t\t<\/span>\n\t\t\t\t\t\t\t\t\t\t<span class=\"elementor-icon-list-text\">Les plages immacul\u00e9es de Benguerra Island<\/span>\n\t\t\t\t\t\t\t\t\t<\/li>\n\t\t\t\t\t\t<\/ul>\n\t\t\t\t\t\t<\/div>\n\t\t\t\t<\/div>\n\t\t\t\t<\/div>\n\t\t<div class=\"elementor-element elementor-element-15cf607 e-con-full e-flex e-con e-child\" data-id=\"15cf607\" data-element_type=\"container\">\n\t\t\t\t<div class=\"elementor-element elementor-element-addfe50 elementor-widget elementor-widget-heading\" data-id=\"addfe50\" data-element_type=\"widget\" data-widget_type=\"heading.default\">\n\t\t\t\t<div class=\"elementor-widget-container\">\n\t\t\t\t\t<h3 class=\"elementor-heading-title elementor-size-default\">Lieux visit\u00e9s<\/h3>\t\t\t\t<\/div>\n\t\t\t\t<\/div>\n\t\t\t\t<div class=\"elementor-element elementor-element-d8b8d0c elementor-widget elementor-widget-shortcode\" data-id=\"d8b8d0c\" data-element_type=\"widget\" data-widget_type=\"shortcode.default\">\n\t\t\t\t<div class=\"elementor-widget-container\">\n\t\t\t\t\t\t\t<div class=\"elementor-shortcode\"><\/div>\n\t\t\t\t\t\t<\/div>\n\t\t\t\t<\/div>\n\t\t\t\t<\/div>\n\t\t\t\t\t<\/div>\n\t\t\t\t<\/div>\n\t\t<div class=\"elementor-element elementor-element-f211f4c e-flex e-con-boxed e-con e-parent\" data-id=\"f211f4c\" data-element_type=\"container\">\n\t\t\t\t\t<div class=\"e-con-inner\">\n\t\t\t\t<div class=\"elementor-element elementor-element-b74c201 elementor-widget elementor-widget-heading\" data-id=\"b74c201\" data-element_type=\"widget\" data-widget_type=\"heading.default\">\n\t\t\t\t<div class=\"elementor-widget-container\">\n\t\t\t\t\t<h2 class=\"elementor-heading-title elementor-size-default\">Itin\u00e9raire du Tour<\/h2>\t\t\t\t<\/div>\n\t\t\t\t<\/div>\n\t\t\t\t<div class=\"elementor-element elementor-element-273700c elementor-position-left tour-day elementor-vertical-align-top elementor-widget elementor-widget-image-box\" data-id=\"273700c\" data-element_type=\"widget\" data-widget_type=\"image-box.default\">\n\t\t\t\t<div class=\"elementor-widget-container\">\n\t\t\t\t\t<div class=\"elementor-image-box-wrapper\"><figure class=\"elementor-image-box-img\"><img fetchpriority=\"high\" decoding=\"async\" width=\"800\" height=\"800\" src=\"https:\/\/africanescape.co.za\/wp-content\/uploads\/2023\/07\/Johannesburg-Tour.jpg\" class=\"attachment-full size-full wp-image-915\" alt=\"Johannesburg Tour\" srcset=\"https:\/\/africanescape.co.za\/wp-content\/uploads\/2023\/07\/Johannesburg-Tour.jpg 800w, https:\/\/africanescape.co.za\/wp-content\/uploads\/2023\/07\/Johannesburg-Tour-300x300.jpg 300w, https:\/\/africanescape.co.za\/wp-content\/uploads\/2023\/07\/Johannesburg-Tour-150x150.jpg 150w, https:\/\/africanescape.co.za\/wp-content\/uploads\/2023\/07\/Johannesburg-Tour-768x768.jpg 768w\" sizes=\"(max-width: 800px) 100vw, 800px\" \/><\/figure><div class=\"elementor-image-box-content\"><h3 class=\"elementor-image-box-title\"><span>Jour 1<\/span>Johannesburg \u2013 Parc Kruger<\/h3><p class=\"elementor-image-box-description\"><p>Arriv\u00e9e \u00e0 Johannesbourg et correspondance pour le Parc Kruger. Le Parc National Kruger est la destination safari par excellence et le 2\u00e8me Parc le plus vaste d\u2019Afrique, s\u2019\u00e9tendant sur 2 millions d\u2019hectares \u00e0 la pointe Nord Est du pays. Vous y verrez les fameux \u2018Big 5\u2019, plus de 500 esp\u00e8ces d\u2019oiseaux et l\u2019un des sanctuaires sauvages les plus \u00e9vocateurs de nature et de richesse animali\u00e8re. Transfert vers votre Lodge priv\u00e9 au c\u0153ur de la R\u00e9serve de Sabi Sands. D\u00e9jeuner suivi d\u2019un premier Safari en 4x4 ouverts en compagnie de votre Ranger et votre Tracker. Aurez vous la chance de d\u00e9j\u00e0 rencontrer les Big Five?<\/p><\/p><\/div><\/div>\t\t\t\t<\/div>\n\t\t\t\t<\/div>\n\t\t\t\t<div class=\"elementor-element elementor-element-2f65d77 elementor-position-left tour-day elementor-vertical-align-top elementor-widget elementor-widget-image-box\" data-id=\"2f65d77\" data-element_type=\"widget\" data-widget_type=\"image-box.default\">\n\t\t\t\t<div class=\"elementor-widget-container\">\n\t\t\t\t\t<div class=\"elementor-image-box-wrapper\"><figure class=\"elementor-image-box-img\"><img decoding=\"async\" width=\"800\" height=\"800\" src=\"https:\/\/africanescape.co.za\/wp-content\/uploads\/2023\/07\/Kruger-Park-Tour.jpg\" class=\"attachment-full size-full wp-image-892\" alt=\"Kruger Park Tour\" srcset=\"https:\/\/africanescape.co.za\/wp-content\/uploads\/2023\/07\/Kruger-Park-Tour.jpg 800w, https:\/\/africanescape.co.za\/wp-content\/uploads\/2023\/07\/Kruger-Park-Tour-300x300.jpg 300w, https:\/\/africanescape.co.za\/wp-content\/uploads\/2023\/07\/Kruger-Park-Tour-150x150.jpg 150w, https:\/\/africanescape.co.za\/wp-content\/uploads\/2023\/07\/Kruger-Park-Tour-768x768.jpg 768w\" sizes=\"(max-width: 800px) 100vw, 800px\" \/><\/figure><div class=\"elementor-image-box-content\"><h3 class=\"elementor-image-box-title\"><span>Day 2 &amp; 3<\/span>Safari \u2013 Reserve Privee<\/h3><p class=\"elementor-image-box-description\"><p>Journ\u00e9es en pension compl\u00e8te et boissons locales, 2 Safaris en 4x4 par jour, et possibilit\u00e9 de faire une marche guid\u00e9e dans le Bush en fin de matin\u00e9e. Profitez des temps libres pour vous relaxer au bord de la piscine, observer les animaux qui viennent s\u2019abreuver au point d\u2019eau du Lodge ou encore vous faire plaisir avec un soin au Spa.<\/p><\/p><\/div><\/div>\t\t\t\t<\/div>\n\t\t\t\t<\/div>\n\t\t\t\t<div class=\"elementor-element elementor-element-491274b elementor-position-left tour-day elementor-vertical-align-top elementor-widget elementor-widget-image-box\" data-id=\"491274b\" data-element_type=\"widget\" data-widget_type=\"image-box.default\">\n\t\t\t\t<div class=\"elementor-widget-container\">\n\t\t\t\t\t<div class=\"elementor-image-box-wrapper\"><figure class=\"elementor-image-box-img\"><img decoding=\"async\" width=\"800\" height=\"800\" src=\"https:\/\/africanescape.co.za\/wp-content\/uploads\/2023\/08\/Benguerra-island-guest-area-Dhow-bar-at-midday.jpg\" class=\"attachment-full size-full wp-image-1355\" alt=\"Benguerra island guest area Dhow bar at midday\" srcset=\"https:\/\/africanescape.co.za\/wp-content\/uploads\/2023\/08\/Benguerra-island-guest-area-Dhow-bar-at-midday.jpg 800w, https:\/\/africanescape.co.za\/wp-content\/uploads\/2023\/08\/Benguerra-island-guest-area-Dhow-bar-at-midday-300x300.jpg 300w, https:\/\/africanescape.co.za\/wp-content\/uploads\/2023\/08\/Benguerra-island-guest-area-Dhow-bar-at-midday-150x150.jpg 150w, https:\/\/africanescape.co.za\/wp-content\/uploads\/2023\/08\/Benguerra-island-guest-area-Dhow-bar-at-midday-768x768.jpg 768w, https:\/\/africanescape.co.za\/wp-content\/uploads\/2023\/08\/Benguerra-island-guest-area-Dhow-bar-at-midday-12x12.jpg 12w\" sizes=\"(max-width: 800px) 100vw, 800px\" \/><\/figure><div class=\"elementor-image-box-content\"><h3 class=\"elementor-image-box-title\"><span>Jour 4<\/span>Reserve Privee \u2013 Mozambique (Benguerra Island)<\/h3><p class=\"elementor-image-box-description\"><p>Apr\u00e8s votre dernier safari au lever du soleil, il est temps de prendre la route vers l\u2019a\u00e9roport de Nelspruit avec votre chauffeur priv\u00e9 et de vous envoler vers les plages paradisiaques de l\u2019archipel de Bazaruto au Mozambique. Transfert vers votre Lodge 5* et installation dans votre Casita, en bord de plage au sable blanc et aux eaux turquoise.  Acc\u00e8s \u00e0 la plage, piscine, sports nautiques dont plong\u00e9e bouteilles et Spa.<\/p><\/p><\/div><\/div>\t\t\t\t<\/div>\n\t\t\t\t<\/div>\n\t\t\t\t<div class=\"elementor-element elementor-element-070cd2e elementor-position-left tour-day elementor-vertical-align-top elementor-widget elementor-widget-image-box\" data-id=\"070cd2e\" data-element_type=\"widget\" data-widget_type=\"image-box.default\">\n\t\t\t\t<div class=\"elementor-widget-container\">\n\t\t\t\t\t<div class=\"elementor-image-box-wrapper\"><figure class=\"elementor-image-box-img\"><img loading=\"lazy\" decoding=\"async\" width=\"800\" height=\"800\" src=\"https:\/\/africanescape.co.za\/wp-content\/uploads\/2023\/08\/Benguerra-Island-Experiences-Beach-Walks.jpg\" class=\"attachment-full size-full wp-image-1356\" alt=\"Benguerra Island Experiences Beach Walks\" srcset=\"https:\/\/africanescape.co.za\/wp-content\/uploads\/2023\/08\/Benguerra-Island-Experiences-Beach-Walks.jpg 800w, https:\/\/africanescape.co.za\/wp-content\/uploads\/2023\/08\/Benguerra-Island-Experiences-Beach-Walks-300x300.jpg 300w, https:\/\/africanescape.co.za\/wp-content\/uploads\/2023\/08\/Benguerra-Island-Experiences-Beach-Walks-150x150.jpg 150w, https:\/\/africanescape.co.za\/wp-content\/uploads\/2023\/08\/Benguerra-Island-Experiences-Beach-Walks-768x768.jpg 768w, https:\/\/africanescape.co.za\/wp-content\/uploads\/2023\/08\/Benguerra-Island-Experiences-Beach-Walks-12x12.jpg 12w\" sizes=\"(max-width: 800px) 100vw, 800px\" \/><\/figure><div class=\"elementor-image-box-content\"><h3 class=\"elementor-image-box-title\"><span>Jours 5 - 7<\/span>Bazaruto Archipelago \u2013 Benguerra Island<\/h3><p class=\"elementor-image-box-description\"><p>Ces journ\u00e9es sont d\u00e9di\u00e9es au farniente sous le soleil Africain, que ce soit en bord de mer, de piscine ou au Spa. Equipez vous d\u2019un masque et tuba pour d\u00e9couvrir les majestueux r\u00e9cifs coralliens ou profitez d\u2019un pique nique priv\u00e9 sur une plage.<\/p><\/p><\/div><\/div>\t\t\t\t<\/div>\n\t\t\t\t<\/div>\n\t\t\t\t<div class=\"elementor-element elementor-element-c34867a elementor-position-left tour-day elementor-vertical-align-top elementor-widget elementor-widget-image-box\" data-id=\"c34867a\" data-element_type=\"widget\" data-widget_type=\"image-box.default\">\n\t\t\t\t<div class=\"elementor-widget-container\">\n\t\t\t\t\t<div class=\"elementor-image-box-wrapper\"><figure class=\"elementor-image-box-img\"><img loading=\"lazy\" decoding=\"async\" width=\"800\" height=\"800\" src=\"https:\/\/africanescape.co.za\/wp-content\/uploads\/2023\/07\/Apartheid-Museum.jpg\" class=\"attachment-full size-full wp-image-917\" alt=\"Apartheid Museum Tour\" srcset=\"https:\/\/africanescape.co.za\/wp-content\/uploads\/2023\/07\/Apartheid-Museum.jpg 800w, https:\/\/africanescape.co.za\/wp-content\/uploads\/2023\/07\/Apartheid-Museum-300x300.jpg 300w, https:\/\/africanescape.co.za\/wp-content\/uploads\/2023\/07\/Apartheid-Museum-150x150.jpg 150w, https:\/\/africanescape.co.za\/wp-content\/uploads\/2023\/07\/Apartheid-Museum-768x768.jpg 768w\" sizes=\"(max-width: 800px) 100vw, 800px\" \/><\/figure><div class=\"elementor-image-box-content\"><h3 class=\"elementor-image-box-title\"><span>Jour 8<\/span>Vilanculos - Johannesburg<\/h3><p class=\"elementor-image-box-description\"><p>Derni\u00e8re matin\u00e9e \u00e0 loisir sur l\u2019ile. Transfert vers l\u2019a\u00e9roport de Vilanculos et vol vers Johannesbourg. Selon vos horaires de vol, correspondance vers l\u2019Europe ou installation pour la nuit dans un h\u00f4tel confortable dans un quartier r\u00e9sidentiel de Johannebsourg. Vous d\u00e9couvrirez le lendemain le caract\u00e8re unique de cette ville diverse en compagnie de votre chauffeur-guide priv\u00e9 avant votre vol de retour.<\/p><\/p><\/div><\/div>\t\t\t\t<\/div>\n\t\t\t\t<\/div>\n\t\t\t\t\t<\/div>\n\t\t\t\t<\/div>\n\t\t\t\t<\/div>","protected":false},"excerpt":{"rendered":"<p>Guided tour to the Kruger National Park &#038; bazaruto. Wild &#038;free 8 Nights Enjoy the splendours of 2 countries in one trip and find the inner wild child in you! Your journey will combine the natural beauty of the African bush in the Kruger National Park area with the breathtaking beaches of the Bazaruto archipelago [&hellip;]<\/p>","protected":false},"author":1,"featured_media":0,"parent":0,"menu_order":0,"comment_status":"closed","ping_status":"closed","template":"","meta":{"footnotes":""},"class_list":["post-392","page","type-page","status-publish","hentry"],"_links":{"self":[{"href":"https:\/\/africanescape.co.za\/fr\/wp-json\/wp\/v2\/pages\/392","targetHints":{"allow":["GET"]}}],"collection":[{"href":"https:\/\/africanescape.co.za\/fr\/wp-json\/wp\/v2\/pages"}],"about":[{"href":"https:\/\/africanescape.co.za\/fr\/wp-json\/wp\/v2\/types\/page"}],"author":[{"embeddable":true,"href":"https:\/\/africanescape.co.za\/fr\/wp-json\/wp\/v2\/users\/1"}],"replies":[{"embeddable":true,"href":"https:\/\/africanescape.co.za\/fr\/wp-json\/wp\/v2\/comments?post=392"}],"version-history":[{"count":0,"href":"https:\/\/africanescape.co.za\/fr\/wp-json\/wp\/v2\/pages\/392\/revisions"}],"wp:attachment":[{"href":"https:\/\/africanescape.co.za\/fr\/wp-json\/wp\/v2\/media?parent=392"}],"curies":[{"name":"wp","href":"https:\/\/api.w.org\/{rel}","templated":true}]}}